{"id":3,"date":"2023-01-11T15:14:17","date_gmt":"2023-01-11T14:14:17","guid":{"rendered":"https:\/\/lebenshilfe-stormarn.de\/HomepageII\/?page_id=3"},"modified":"2024-11-30T17:05:22","modified_gmt":"2024-11-30T16:05:22","slug":"datenschutzerklaerung","status":"publish","type":"page","link":"https:\/\/lebenshilfe-stormarn.de\/HomepageII\/datenschutzerklaerung\/","title":{"rendered":"Datenschutzerkl\u00e4rung"},"content":{"rendered":"<div class=\"fusion-fullwidth fullwidth-box fusion-builder-row-1 fusion-flex-container has-pattern-background has-mask-background nonhundred-percent-fullwidth non-hundred-percent-height-scrolling\" style=\"--awb-border-radius-top-left:0px;--awb-border-radius-top-right:0px;--awb-border-radius-bottom-right:0px;--awb-border-radius-bottom-left:0px;--awb-flex-wrap:wrap;\" ><div class=\"fusion-builder-row fusion-row fusion-flex-align-items-flex-start fusion-flex-content-wrap\" style=\"max-width:1248px;margin-left: calc(-4% \/ 2 );margin-right: calc(-4% \/ 2 );\"><div class=\"fusion-layout-column fusion_builder_column fusion-builder-column-0 fusion_builder_column_1_1 1_1 fusion-flex-column\" style=\"--awb-bg-size:cover;--awb-width-large:100%;--awb-margin-top-large:0px;--awb-spacing-right-large:1.92%;--awb-margin-bottom-large:20px;--awb-spacing-left-large:1.92%;--awb-width-medium:100%;--awb-order-medium:0;--awb-spacing-right-medium:1.92%;--awb-spacing-left-medium:1.92%;--awb-width-small:100%;--awb-order-small:0;--awb-spacing-right-small:1.92%;--awb-spacing-left-small:1.92%;\"><div class=\"fusion-column-wrapper fusion-column-has-shadow fusion-flex-justify-content-flex-start fusion-content-layout-column\"><div class=\"fusion-text fusion-text-1\"><p>Datenschutzerkl\u00e4rung<br \/>\nDatenschutz ist uns sehr wichtig!<br \/>\nDer Schutz Ihrer personenbezogenen Daten wird bei der Nutzung der Webseite sehr ernst genommen. Als Anbieter der Internetseite weisen wir darauf hin, dass die ungesicherte \u00dcbertragung von Daten im Internet (z. B. per E-Mail) enorme Sicherheitsl\u00fccken aufweisen kann und ein l\u00fcckenloser Schutz der Daten vor dem unberechtigten Zugriff Dritter nicht gew\u00e4hrleistet werden kann. Als Anbieter \u00fcbernehmen wir keine Haftung f\u00fcr die durch solche Sicherheitsl\u00fccken entstandenen Sch\u00e4den. Demnach verarbeiten wir keine personenbe-zogenen Daten besonderer Art im E-Mail-Verkehr.<br \/>\n1. Kontaktaufnahme<br \/>\nAuf unserer Internetseite ist die Kontaktaufnahme \u00fcber eine bereitgestellte E-Mail-Adresse m\u00f6glich. Nehmen Sie \u00fcber einen dieser Kan\u00e4le Kontakt mit uns auf, so werden die von Ihnen \u00fcbermittelten personenbezogenen Daten automatisch gespeichert. Die Speicherung dient allein zu Zwecken der Bearbeitung oder der Kontaktaufnahme zu Ihnen. Eine Weitergabe der Daten an Dritte findet nicht statt.<br \/>\n2. Datenschutzbeauftragte<br \/>\nUnsere \u00f6rtliche Datenschutzbeauftragte ist Astrid Bartel von der Vater Unternehmensgruppe.<\/p>\n<p>Bei Datenschutzfragen wenden Sie sich gern an folgende E-Mail-Adresse:<br \/>\ndatenschutz@lebenshilfe-stormarn.de<br \/>\n3. Datenschutz-Aufsichtsbeh\u00f6rde<br \/>\nDie Anschrift der f\u00fcr uns zust\u00e4ndigen Aufsichtsbeh\u00f6rde lautet:<\/p>\n<p>Nordkirche:<br \/>\nDatenschutzbeauftragter der Nordkirche<br \/>\nBaustra\u00dfe 34<br \/>\n17109 Demmin<br \/>\nTel. 03998 \/ 2 59 84 78<\/p>\n<p>peter.loeper@dsb.nordkirche.de<\/p>\n<pre class=\"wp-block-code\"><code>4. Verwendungszweck personenbezogener Daten und Rechtsgrundlage<\/code><\/pre>\n<p>Umfang:<br \/>\nWir erheben und verwenden personenbezogene Daten von Ihnen grunds\u00e4tzlich nur, soweit dies zur Bereitstellung einer funktionsf\u00e4higen Website sowie unserer Inhalte und Leistungen erforderlich ist. Die Erhebung und Verwendung Ihrer personenbezogenen Daten erfolgt regelm\u00e4\u00dfig nur nach Einwilligung von Ihnen. Eine Ausnahme gilt in solchen F\u00e4llen, in denen eine vorherige Einholung einer Einwilligung aus tats\u00e4chlichen Gr\u00fcnden nicht m\u00f6glich ist und die Verarbeitung der Daten durch gesetzliche Vorschriften gestattet ist.<\/p>\n<p>Zweck:<br \/>\nIhre personenbezogene Daten werden von uns nur dann und nur in dem Umfang erhoben, wie Sie sie uns mit Ihrer Kenntnis selbst zur Verf\u00fcgung stellen. Die von Ihnen angegebenen personenbezogenen Daten werden f\u00fcr Zwecke der Kontaktaufnahme gespeichert, wenn Sie uns ausdr\u00fccklich hierzu Ihre Einwilligung erteilt haben. Sie haben jederzeit ein Wider-rufsrecht hinsichtlich einer erteilten Einwilligung. Eine Angabe der Verarbeitungszwecke erfolgt an den entsprechenden Stellen unserer Websites und unterliegt keiner nachtr\u00e4glichen \u00c4nderung. Eine Weitergabe der Daten an Dritte erfolgt ohne Ihre Einwilligung nur dann, wenn wir hierzu gesetzlich verpflichtet sind.<\/p>\n<p>Rechtsgrundlage:<br \/>\nSoweit wir eine Einwilligung von Ihnen einholen, dient Artikel 6 DSGVO als Rechtsgrundlage f\u00fcr die Verarbeitung personenbezogener Daten.<\/p>\n<p>Eine Weitergabe Ihrer personenbezogenen Daten an Dritte erfolgt nur,<\/p>\n<pre class=\"wp-block-code\"><code>\u2022 wenn Sie hierzu Ihre ausdr\u00fcckliche Einwilligung gem\u00e4\u00df Art. 6 Abs. 1 S. 1 a) DSGVO erteilt haben;\r\n\u2022 wenn die Weitergabe zur Erf\u00fcllung von vertraglichen Pflichten gem\u00e4\u00df Art. 6 Abs. 1 S. 1 b) DSGVO erforderlich ist;\r\n\u2022 wenn wir zur Weitergabe der Daten gesetzlich verpflichtet i.S.d. Art. 6 Abs. 1 S. 1 c) DSGVO sind;\r\n\u2022 wenn die Weitergabe der Daten im \u00f6ffentlichen Interesse i.S.d. Art. 6 Abs. 1 e) DSGVO liegt oder;\r\n\u2022 wenn die Weitergabe der Daten nach Art. 6 Abs. 1 S. 1 f) DSGVO zur Wahrung unserer berechtigten Interessen oder der berechtigten Interessen eines Dritten erforderlich ist, sofern nicht Ihre Interessen an dem Schutz Ihrer Daten \u00fcberwiegen.\r\n5. Speicherdauer personenbezogener Daten<\/code><\/pre>\n<p>Ihre personenbezogenen Daten werden f\u00fcr die Dauer der jeweiligen gesetzlichen Aufbewahrungsfristen gespeichert. Nach Ablauf der Frist erfolgt eine routinem\u00e4\u00dfige L\u00f6schung der Daten, sofern nicht eine Erforderlichkeit f\u00fcr eine Vertragsanbahnung oder die Vertragserf\u00fcllung besteht.<br \/>\n6. Rechte der betroffenen Personen<br \/>\nBest\u00e4tigung:<br \/>\nSie haben das Recht, von uns eine Best\u00e4tigung dar\u00fcber zu verlangen, ob personenbe-zogene Daten verarbeitet werden.<\/p>\n<p>Auskunft:<br \/>\nSie haben das Recht, jederzeit Auskunft \u00fcber die zu ihrer Person gespeicherten Daten zu erhalten, einschlie\u00dflich Herkunft und Empf\u00e4nger Ihrer Daten sowie den Zweck der Datenverarbeitung.<br \/>\nFolgende Ausk\u00fcnfte \u00fcbermitteln wir Ihnen als unentgeltliche Kopie:<br \/>\n\u2022 Verarbeitungszwecke<br \/>\n\u2022 Kategorien personenbezogener Daten, die verarbeitet werden<br \/>\n\u2022 Empf\u00e4nger oder Kategorie von Empf\u00e4ngern<br \/>\n\u2022 Geplante Speicherdauer der personenbezogenen Daten bzw. Kriterien der Festlegung<br \/>\n\u2022 Bestehen eines Rechts auf Berichtigung \/ L\u00f6schung \/ Einschr\u00e4nkung \/ Widerspruch im Zusammenhang mit der Verarbeitung Ihrer personenbezogenen Daten sowie das Beschwerderecht bei der Aufsichtsbeh\u00f6rde<br \/>\n\u2022 Soweit die personenbezogenen Daten nicht bei Ihnen erhoben werden<br \/>\n\u2022 Das Bestehen einer automatisierten Entscheidungsfindung einschl. Profiling gem. Art. 22 Abs. 1, Abs. 4 DSGVO<br \/>\nBerichtigung:<br \/>\nSie haben ein Recht auf Berichtigung und\/oder Vervollst\u00e4ndigung, sofern die verarbeiteten personenbezogenen Daten, die Sie betreffen, unrichtig oder unvollst\u00e4ndig sind.<\/p>\n<p>L\u00f6schung und Vergessenwerden:<br \/>\nSie haben das Recht auf L\u00f6schung Ihrer personenbezogenen Daten gem\u00e4\u00df Art. 17 DSGVO.<br \/>\nEinschr\u00e4nkung:<br \/>\nSie haben das Recht, die Einschr\u00e4nkung der Verarbeitung Ihrer personenbezogenen Daten zu verlangen. Die Voraussetzungen ergeben sich aus Art. 18 DSGVO.<\/p>\n<p>Widerspruch:<br \/>\nSie haben jederzeit das Recht, gegen die Verarbeitung Ihrer personenbezogenen Daten (die aufgrund von Art. 6 Abs. 1 e oder f erhoben wurden) Widerspruch einzulegen. Dies gilt ebenso f\u00fcr das auf diesen Bestimmungen gest\u00fctztes Profiling. Die Daten werden im Falle eines Widerspruchs nicht weiterverarbeitet, es sei denn, es liegen zwingende schutzw\u00fcrdige sowie nachweisbare Gr\u00fcnde vor, die den Interessen, Rechten und Freiheiten der betroffenen Person \u00fcberwiegen, oder der Geltendmachung, Aus\u00fcbung oder Verteidigung von Rechts-anspr\u00fcchen dient.<\/p>\n<p>Widerruf einer datenschutzrechtlichen Einwilligung:<br \/>\nFerner haben Sie das Recht, Ihre Einwilligung zur Verarbeitung personenbezogener Daten jederzeit zu widerrufen.<\/p>\n<p>Daten\u00fcbertragbarkeit:<br \/>\nSie haben das Recht, Ihre personenbezogenen Daten, die Sie uns bereitgestellt haben, in einem strukturierten, g\u00e4ngigen und maschinenlesbaren Format zu erhalten. Sie haben au\u00dferdem das Recht, diese Daten an Dritte zu \u00fcbermitteln. Ferner haben Sie gem\u00e4\u00df Art. 20 Abs. 1 DSGVO das Recht, dass Ihre personenbezogenen Daten direkt von uns an einen anderen Verantwortlichen \u00fcbermittelt werden, soweit dies technisch m\u00f6glich ist und die<br \/>\nRechte und Freiheiten anderer Personen nicht beeintr\u00e4chtigt werden.<br \/>\nM\u00f6chten Sie von Ihren Rechten Gebrauch machen, so wenden Sie sich bitte an uns oder unsere Datenschutzbeauftrage.<\/p>\n<pre class=\"wp-block-code\"><code>7. Verwendung von Cookies<\/code><\/pre>\n<p>Diese Webseite verwendet Cookies. Bei Cookies handelt es sich um Textdateien, die im Internetbrowser bzw. vom Internetbrowser auf dem Computersystem von Ihnen gespeichert werden. Rufen Sie eine Website auf, so kann ein Cookie auf dem Betriebssystem des Nutzers gespeichert werden. Dieser Cookie enth\u00e4lt eine charakteristische Zeichenfolge, die eine eindeutige Identifizierung des Browsers beim erneuten Aufrufen der Website erm\u00f6glicht.<br \/>\nWir setzen Cookies ein, um unsere Website nutzerfreundlicher zu gestalten. Einige Funktionen unserer Internetseite k\u00f6nnen ohne den Einsatz von Cookies nicht angeboten werden. F\u00fcr diese ist es erforderlich, dass Browser auch nach einem Seitenwechsel identifiziert werden kann.<\/p>\n<p>In den Cookies werden dabei folgende Daten gespeichert und \u00fcbermittelt:<br \/>\n(1) Spracheinstellungen<br \/>\n(2) Log-In-Informationen<\/p>\n<p>Cookie Deaktivierungsm\u00f6glichkeit oder L\u00f6schung:<br \/>\nDie meisten Browser sind so eingestellt, dass sie Cookies automatisch akzeptieren. Sie k\u00f6nnen das Speichern von Cookies in Ihrem Browser grunds\u00e4tzlich deaktivieren. Dadurch kann unter Umst\u00e4nden die Nutzerfreundlichkeit unserer Internetseite beeintr\u00e4chtigt werden.<\/p>\n<p>Angaben zu der Cookie-Speicherdauer:<br \/>\nDie Mehrheit der von uns verwendeten Cookies (Sitzungs-Cookies) werden nach Ende der Browser-Sitzung ung\u00fcltig. Permanente Cookies verbleiben auf Ihrem Endger\u00e4t und erm\u00f6glichen uns, Ihren Browser beim n\u00e4chsten Besuch wiederzuerkennen. Diese Daten werden nicht dazu benutzt, um Sie als Nutzer dieser Webseite pers\u00f6nlich zu identifizieren.<\/p>\n<p>Cookies werden auf Ihrem Rechner gespeichert und von diesem an unsere Seite \u00fcbermittelt. Daher haben Sie als Nutzer auch die volle Kontrolle \u00fcber die Verwendung von Cookies. Durch eine \u00c4nderung der Einstellungen in Ihrem Internetbrowser k\u00f6nnen Sie die \u00dcbertragung von Cookies deaktivieren oder einschr\u00e4nken.<\/p>\n<pre class=\"wp-block-code\"><code>8. Erstellung von Logfiles<\/code><\/pre>\n<p>Bei jedem Aufruf dieser Internetseite werden durch ein automatisiertes System Daten und Informationen erfasst. Diese werden in den Logfiles des Servers gespeichert.<br \/>\nFolgende Daten k\u00f6nnen hierbei erhoben werden:<\/p>\n<pre class=\"wp-block-code\"><code>\u2022 Informationen \u00fcber den Browsertyp und die verwendete Version\r\n\u2022 Ihr Betriebssystem \r\n\u2022 Ihren Internet-Service Provider\r\n\u2022 Ihre IP-Adresse\r\n\u2022 Datum und Uhrzeit des Zugriffs\r\n\u2022 Webseiten, von denen Ihr System auf unsere Internetseite gelangt\r\n\u2022 Webseiten, die von Ihrem System \u00fcber unsere Webseite aufgerufen werden<\/code><\/pre>\n<p>Die Verarbeitung der Daten dient zur Auslieferung der Inhalte unserer Internetseite, zur Gew\u00e4hrleistung der Funktionsf\u00e4higkeit unserer informationstechnischen Systeme und der Optimierung unserer Internetseite. Die Daten der Logfiles werden dabei stets getrennt von anderen Ihrer personenbezogenen Daten gespeichert.<\/p>\n<pre class=\"wp-block-code\"><code>9. Verwendung von Google Maps<\/code><\/pre>\n<p>Diese Webseite verwendet die Funktion \u201eGoogle Maps und Routenplaner\u201c der Google Inc., 1600 Amphitheatre Parkway, Mountain View, CA 94043, United States (\u201eGoogle\u201c), um geographische Informationen und Anfahrtrouten darzustellen bzw. zu berechnen.<br \/>\nDurch Google Maps k\u00f6nnen Daten \u00fcber Ihre Nutzung dieser Webseite an Google<br \/>\n\u00fcbertragen, erhoben und von Google genutzt werden.<br \/>\nEine solche Daten\u00fcbertragung k\u00f6nnen Sie durch das Deaktivieren von \u201eJavascript\u201c in Ihrem Browser verhindern.<br \/>\nBitte beachten Sie dabei, dass bei Deaktivierung von \u201eJavascript\u201c keine Karten auf der Webseite angezeigt werden. Durch die Nutzung dieser Webseite und die Nichtdeaktivierung von \u201eJavascript\u201c erkl\u00e4ren Sie Ihr Einverst\u00e4ndnis, dass Sie mit der Bearbeitung Ihrer Daten durch Google zu den oben genannten Zwecken einverstanden sind.<br \/>\nWeitere Informationen \u00fcber die Verwendung von Daten durch Google Maps und der Routenplaner-Funktion sowie die Datenschutzerkl\u00e4rung von Google finden Sie unter: https:\/\/www.google.com\/intl\/de_de\/help\/terms_maps.html.<\/p>\n<pre class=\"wp-block-code\"><code>10. Aktualit\u00e4t<\/code><\/pre>\n<p>Diese Datenschutzerkl\u00e4rung hat den Stand 24.05.2018. Sie ist die aktuelle und g\u00fcltige Fassung unserer Datenschutzerkl\u00e4rung.<br \/>\nWir weisen jedoch darauf hin, dass von Zeit zu Zeit auf Grund tats\u00e4chlicher oder gesetzlicher \u00c4nderungen eine \u00dcberarbeitung an dieser Datenschutzerkl\u00e4rung notwendig werden kann.<\/p>\n<\/div><\/div><\/div><\/div><\/div>\n","protected":false},"excerpt":{"rendered":"","protected":false},"author":1,"featured_media":0,"parent":0,"menu_order":0,"comment_status":"closed","ping_status":"open","template":"","meta":{"footnotes":""},"class_list":["post-3","page","type-page","status-publish","hentry"],"_links":{"self":[{"href":"https:\/\/lebenshilfe-stormarn.de\/HomepageII\/wp-json\/wp\/v2\/pages\/3","targetHints":{"allow":["GET"]}}],"collection":[{"href":"https:\/\/lebenshilfe-stormarn.de\/HomepageII\/wp-json\/wp\/v2\/pages"}],"about":[{"href":"https:\/\/lebenshilfe-stormarn.de\/HomepageII\/wp-json\/wp\/v2\/types\/page"}],"author":[{"embeddable":true,"href":"https:\/\/lebenshilfe-stormarn.de\/HomepageII\/wp-json\/wp\/v2\/users\/1"}],"replies":[{"embeddable":true,"href":"https:\/\/lebenshilfe-stormarn.de\/HomepageII\/wp-json\/wp\/v2\/comments?post=3"}],"version-history":[{"count":2,"href":"https:\/\/lebenshilfe-stormarn.de\/HomepageII\/wp-json\/wp\/v2\/pages\/3\/revisions"}],"predecessor-version":[{"id":563,"href":"https:\/\/lebenshilfe-stormarn.de\/HomepageII\/wp-json\/wp\/v2\/pages\/3\/revisions\/563"}],"wp:attachment":[{"href":"https:\/\/lebenshilfe-stormarn.de\/HomepageII\/wp-json\/wp\/v2\/media?parent=3"}],"curies":[{"name":"wp","href":"https:\/\/api.w.org\/{rel}","templated":true}]}}