{"id":335,"date":"2024-09-17T14:39:29","date_gmt":"2024-09-17T12:39:29","guid":{"rendered":"https:\/\/lebenshilfe-stormarn.de\/HomepageII\/?page_id=335"},"modified":"2024-09-17T14:39:29","modified_gmt":"2024-09-17T12:39:29","slug":"ambulanter-dienst-stormarn","status":"publish","type":"page","link":"https:\/\/lebenshilfe-stormarn.de\/HomepageII\/jobs\/ambulanter-dienst-stormarn\/","title":{"rendered":"Ambulanter Dienst Stormarn"},"content":{"rendered":"<div class=\"fusion-fullwidth fullwidth-box fusion-builder-row-1 fusion-flex-container has-pattern-background has-mask-background nonhundred-percent-fullwidth non-hundred-percent-height-scrolling\" style=\"--awb-border-radius-top-left:0px;--awb-border-radius-top-right:0px;--awb-border-radius-bottom-right:0px;--awb-border-radius-bottom-left:0px;--awb-flex-wrap:wrap;\" ><div class=\"fusion-builder-row fusion-row fusion-flex-align-items-flex-start fusion-flex-content-wrap\" style=\"max-width:1248px;margin-left: calc(-4% \/ 2 );margin-right: calc(-4% \/ 2 );\"><div class=\"fusion-layout-column fusion_builder_column fusion-builder-column-0 fusion_builder_column_1_1 1_1 fusion-flex-column\" style=\"--awb-bg-size:cover;--awb-width-large:100%;--awb-margin-top-large:0px;--awb-spacing-right-large:1.92%;--awb-margin-bottom-large:20px;--awb-spacing-left-large:1.92%;--awb-width-medium:100%;--awb-order-medium:0;--awb-spacing-right-medium:1.92%;--awb-spacing-left-medium:1.92%;--awb-width-small:100%;--awb-order-small:0;--awb-spacing-right-small:1.92%;--awb-spacing-left-small:1.92%;\"><div class=\"fusion-column-wrapper fusion-column-has-shadow fusion-flex-justify-content-flex-start fusion-content-layout-column\"><div class=\"fusion-text fusion-text-1\"><div class=\"job_listings\" data-location=\"\" data-keywords=\"\" data-show_filters=\"false\" data-show_pagination=\"false\" data-per_page=\"10\" data-orderby=\"featured\" data-order=\"DESC\" data-categories=\"\" data-disable-form-state-storage=\"\" data-featured_first=\"false\" data-job_types=\"ambulanter-dienst-stormarn\" data-post_id=\"257\" ><ul class=\"job_listings\">\n<li class=\"post-256 job_listing type-job_listing status-publish hentry job-type-ambulanter-dienst-stormarn\" data-longitude=\"\" data-latitude=\"\">\n\t<a href=\"https:\/\/lebenshilfe-stormarn.de\/HomepageII\/job\/paedagogische-hilfskraft-m-w-d-als-verstaerkung-fuer-den-ambulanten-dienst-stormarn-kennzeichen-4000-11-10\/\">\n\t\t<img decoding=\"async\" class=\"company_logo\" src=\"https:\/\/lebenshilfe-stormarn.de\/HomepageII\/wp-content\/plugins\/wp-job-manager\/assets\/images\/company.png\" alt=\"Lebenshilfe Stormarn\" \/>\t\t<div class=\"position\">\n\t\t\t<h3>p\u00e4dagogische Hilfskraft (m\/w\/d) als Verst\u00e4rkung f\u00fcr den Ambulanten Dienst Stormarn &#8211; Kennzeichen 4000\/11-10<\/h3>\n\t\t\t<div class=\"company\">\n\t\t\t\t<strong>Lebenshilfe Stormarn<\/strong> \t\t\t\t\t\t\t<\/div>\n\t\t<\/div>\n\t\t<div class=\"location\">\n\t\t\tKreis Stormarn\t\t<\/div>\n\t\t<ul class=\"meta\">\n\t\t\t\n\t\t\t\t\t\t\t\t\t\t\t\t\t\t\t\t<li class=\"job-type ambulanter-dienst-stormarn\">Ambulanter Dienst Stormarn<\/li>\n\t\t\t\t\t\t\t\n\t\t\t<li class=\"date\"><time datetime=\"2025-11-19\">Ver\u00f6ffentlicht vor 5\u00a0Monaten<\/time><\/li>\n\n\t\t\t\t\t<\/ul>\n\t<\/a>\n<\/li>\n<li class=\"post-304 job_listing type-job_listing status-publish hentry job-type-ambulanter-dienst-stormarn\" data-longitude=\"\" data-latitude=\"\">\n\t<a href=\"https:\/\/lebenshilfe-stormarn.de\/HomepageII\/job\/schulbegleiterinnen-m-w-d-kennzeichen-4000-11-16\/\">\n\t\t<img decoding=\"async\" class=\"company_logo\" src=\"https:\/\/lebenshilfe-stormarn.de\/HomepageII\/wp-content\/plugins\/wp-job-manager\/assets\/images\/company.png\" alt=\"Lebenshilfe Stormarn\" \/>\t\t<div class=\"position\">\n\t\t\t<h3>Schulbegleiter*innen (m\/w\/d) \u2013 Kennzeichen 4000\/11-16<\/h3>\n\t\t\t<div class=\"company\">\n\t\t\t\t<strong>Lebenshilfe Stormarn<\/strong> \t\t\t\t\t\t\t<\/div>\n\t\t<\/div>\n\t\t<div class=\"location\">\n\t\t\tAhrensburg\t\t<\/div>\n\t\t<ul class=\"meta\">\n\t\t\t\n\t\t\t\t\t\t\t\t\t\t\t\t\t\t\t\t<li class=\"job-type ambulanter-dienst-stormarn\">Ambulanter Dienst Stormarn<\/li>\n\t\t\t\t\t\t\t\n\t\t\t<li class=\"date\"><time datetime=\"2024-07-21\">Ver\u00f6ffentlicht vor 2\u00a0Jahren<\/time><\/li>\n\n\t\t\t\t\t<\/ul>\n\t<\/a>\n<\/li>\n<li class=\"post-263 job_listing type-job_listing status-publish hentry job-type-ambulanter-dienst-stormarn\" data-longitude=\"\" data-latitude=\"\">\n\t<a href=\"https:\/\/lebenshilfe-stormarn.de\/HomepageII\/job\/hilfskraefte-m-w-d-im-bereich-schulbegleitung-in-teilzeit-kennzeichen-4000-11-3\/\">\n\t\t<img decoding=\"async\" class=\"company_logo\" src=\"https:\/\/lebenshilfe-stormarn.de\/HomepageII\/wp-content\/plugins\/wp-job-manager\/assets\/images\/company.png\" alt=\"Lebenshilfe Stormarn\" \/>\t\t<div class=\"position\">\n\t\t\t<h3>Hilfskr\u00e4fte (m\/w\/d) im Bereich Schulbegleitung, in Teilzeit &#8211; Kennzeichen 4000\/11-3<\/h3>\n\t\t\t<div class=\"company\">\n\t\t\t\t<strong>Lebenshilfe Stormarn<\/strong> \t\t\t\t\t\t\t<\/div>\n\t\t<\/div>\n\t\t<div class=\"location\">\n\t\t\tKreis Stormarn\t\t<\/div>\n\t\t<ul class=\"meta\">\n\t\t\t\n\t\t\t\t\t\t\t\t\t\t\t\t\t\t\t\t<li class=\"job-type ambulanter-dienst-stormarn\">Ambulanter Dienst Stormarn<\/li>\n\t\t\t\t\t\t\t\n\t\t\t<li class=\"date\"><time datetime=\"2024-06-24\">Ver\u00f6ffentlicht vor 2\u00a0Jahren<\/time><\/li>\n\n\t\t\t\t\t<\/ul>\n\t<\/a>\n<\/li>\n<li class=\"post-261 job_listing type-job_listing status-publish hentry job-type-ambulanter-dienst-stormarn\" data-longitude=\"\" data-latitude=\"\">\n\t<a href=\"https:\/\/lebenshilfe-stormarn.de\/HomepageII\/job\/verstaerkung-fuer-die-offene-ganztagsschule-ogs-paedagogische-hilfskraft-m-w-d-kennzeichen-4000-11-10\/\">\n\t\t<img decoding=\"async\" class=\"company_logo\" src=\"https:\/\/lebenshilfe-stormarn.de\/HomepageII\/wp-content\/plugins\/wp-job-manager\/assets\/images\/company.png\" alt=\"Lebenshilfe Stormarn\" \/>\t\t<div class=\"position\">\n\t\t\t<h3>Verst\u00e4rkung f\u00fcr die Offene Ganztagsschule (OGS), p\u00e4dagogische Hilfskraft (m\/w\/d) &#8211; Kennzeichen 4000\/11-10<\/h3>\n\t\t\t<div class=\"company\">\n\t\t\t\t<strong>Lebenshilfe Stormarn<\/strong> \t\t\t\t\t\t\t<\/div>\n\t\t<\/div>\n\t\t<div class=\"location\">\n\t\t\tAhrensburg\t\t<\/div>\n\t\t<ul class=\"meta\">\n\t\t\t\n\t\t\t\t\t\t\t\t\t\t\t\t\t\t\t\t<li class=\"job-type ambulanter-dienst-stormarn\">Ambulanter Dienst Stormarn<\/li>\n\t\t\t\t\t\t\t\n\t\t\t<li class=\"date\"><time datetime=\"2024-06-24\">Ver\u00f6ffentlicht vor 2\u00a0Jahren<\/time><\/li>\n\n\t\t\t\t\t<\/ul>\n\t<\/a>\n<\/li>\n<li class=\"post-260 job_listing type-job_listing status-publish hentry job-type-ambulanter-dienst-stormarn\" data-longitude=\"\" data-latitude=\"\">\n\t<a href=\"https:\/\/lebenshilfe-stormarn.de\/HomepageII\/job\/auszubildende-m-w-d-im-bereich-der-heilerziehungspflege-kennzeichen-4000-11-5\/\">\n\t\t<img decoding=\"async\" class=\"company_logo\" src=\"https:\/\/lebenshilfe-stormarn.de\/HomepageII\/wp-content\/plugins\/wp-job-manager\/assets\/images\/company.png\" alt=\"Lebenshilfe Stormarn\" \/>\t\t<div class=\"position\">\n\t\t\t<h3>Auszubildende (m\/w\/d) im Bereich der Heilerziehungspflege &#8211; Kennzeichen 4000\/11-5<\/h3>\n\t\t\t<div class=\"company\">\n\t\t\t\t<strong>Lebenshilfe Stormarn<\/strong> \t\t\t\t\t\t\t<\/div>\n\t\t<\/div>\n\t\t<div class=\"location\">\n\t\t\tKreis Stormarn\t\t<\/div>\n\t\t<ul class=\"meta\">\n\t\t\t\n\t\t\t\t\t\t\t\t\t\t\t\t\t\t\t\t<li class=\"job-type ambulanter-dienst-stormarn\">Ambulanter Dienst Stormarn<\/li>\n\t\t\t\t\t\t\t\n\t\t\t<li class=\"date\"><time datetime=\"2024-06-24\">Ver\u00f6ffentlicht vor 2\u00a0Jahren<\/time><\/li>\n\n\t\t\t\t\t<\/ul>\n\t<\/a>\n<\/li>\n<li class=\"post-258 job_listing type-job_listing status-publish hentry job-type-ambulanter-dienst-stormarn\" data-longitude=\"\" data-latitude=\"\">\n\t<a href=\"https:\/\/lebenshilfe-stormarn.de\/HomepageII\/job\/heilerziehungspflegerin-m-w-d-heilerzieherin-m-w-d-kennzeichen-4000-11-7\/\">\n\t\t<img decoding=\"async\" class=\"company_logo\" src=\"https:\/\/lebenshilfe-stormarn.de\/HomepageII\/wp-content\/plugins\/wp-job-manager\/assets\/images\/company.png\" alt=\"Lebenshilfe Stormarn\" \/>\t\t<div class=\"position\">\n\t\t\t<h3>Heilerziehungspfleger*in (m\/w\/d), Heilerzieher*in (m\/w\/d) &#8211; Kennzeichen 4000\/11-7<\/h3>\n\t\t\t<div class=\"company\">\n\t\t\t\t<strong>Lebenshilfe Stormarn<\/strong> \t\t\t\t\t\t\t<\/div>\n\t\t<\/div>\n\t\t<div class=\"location\">\n\t\t\tKreis Stormarn\t\t<\/div>\n\t\t<ul class=\"meta\">\n\t\t\t\n\t\t\t\t\t\t\t\t\t\t\t\t\t\t\t\t<li class=\"job-type ambulanter-dienst-stormarn\">Ambulanter Dienst Stormarn<\/li>\n\t\t\t\t\t\t\t\n\t\t\t<li class=\"date\"><time datetime=\"2024-06-24\">Ver\u00f6ffentlicht vor 2\u00a0Jahren<\/time><\/li>\n\n\t\t\t\t\t<\/ul>\n\t<\/a>\n<\/li>\n<li class=\"post-257 job_listing type-job_listing status-publish hentry job-type-ambulanter-dienst-stormarn\" data-longitude=\"\" data-latitude=\"\">\n\t<a href=\"https:\/\/lebenshilfe-stormarn.de\/HomepageII\/job\/spa-m-w-d-oder-staatl-anerkannter-sozialassistentin-mit-sozialpaed-schwerpunkt-m-w-d-kennzeichen-4000-11-9\/\">\n\t\t<img decoding=\"async\" class=\"company_logo\" src=\"https:\/\/lebenshilfe-stormarn.de\/HomepageII\/wp-content\/plugins\/wp-job-manager\/assets\/images\/company.png\" alt=\"Lebenshilfe Stormarn\" \/>\t\t<div class=\"position\">\n\t\t\t<h3>SPA (m\/w\/d) oder staatl. Anerkannte*r Sozialassistent*in mit sozialp\u00e4d. Schwerpunkt (m\/w\/d) &#8211; Kennzeichen 4000\/11-9<\/h3>\n\t\t\t<div class=\"company\">\n\t\t\t\t<strong>Lebenshilfe Stormarn<\/strong> \t\t\t\t\t\t\t<\/div>\n\t\t<\/div>\n\t\t<div class=\"location\">\n\t\t\tKreis Stormarn\t\t<\/div>\n\t\t<ul class=\"meta\">\n\t\t\t\n\t\t\t\t\t\t\t\t\t\t\t\t\t\t\t\t<li class=\"job-type ambulanter-dienst-stormarn\">Ambulanter Dienst Stormarn<\/li>\n\t\t\t\t\t\t\t\n\t\t\t<li class=\"date\"><time datetime=\"2024-06-24\">Ver\u00f6ffentlicht vor 2\u00a0Jahren<\/time><\/li>\n\n\t\t\t\t\t<\/ul>\n\t<\/a>\n<\/li>\n<\/ul>\n<\/div>\n<\/div><\/div><\/div><\/div><\/div>\n","protected":false},"excerpt":{"rendered":"","protected":false},"author":1,"featured_media":0,"parent":95,"menu_order":0,"comment_status":"closed","ping_status":"closed","template":"100-width.php","meta":{"footnotes":""},"class_list":["post-335","page","type-page","status-publish","hentry"],"_links":{"self":[{"href":"https:\/\/lebenshilfe-stormarn.de\/HomepageII\/wp-json\/wp\/v2\/pages\/335","targetHints":{"allow":["GET"]}}],"collection":[{"href":"https:\/\/lebenshilfe-stormarn.de\/HomepageII\/wp-json\/wp\/v2\/pages"}],"about":[{"href":"https:\/\/lebenshilfe-stormarn.de\/HomepageII\/wp-json\/wp\/v2\/types\/page"}],"author":[{"embeddable":true,"href":"https:\/\/lebenshilfe-stormarn.de\/HomepageII\/wp-json\/wp\/v2\/users\/1"}],"replies":[{"embeddable":true,"href":"https:\/\/lebenshilfe-stormarn.de\/HomepageII\/wp-json\/wp\/v2\/comments?post=335"}],"version-history":[{"count":1,"href":"https:\/\/lebenshilfe-stormarn.de\/HomepageII\/wp-json\/wp\/v2\/pages\/335\/revisions"}],"predecessor-version":[{"id":336,"href":"https:\/\/lebenshilfe-stormarn.de\/HomepageII\/wp-json\/wp\/v2\/pages\/335\/revisions\/336"}],"up":[{"embeddable":true,"href":"https:\/\/lebenshilfe-stormarn.de\/HomepageII\/wp-json\/wp\/v2\/pages\/95"}],"wp:attachment":[{"href":"https:\/\/lebenshilfe-stormarn.de\/HomepageII\/wp-json\/wp\/v2\/media?parent=335"}],"curies":[{"name":"wp","href":"https:\/\/api.w.org\/{rel}","templated":true}]}}