{"id":344,"date":"2024-09-17T14:45:03","date_gmt":"2024-09-17T12:45:03","guid":{"rendered":"https:\/\/lebenshilfe-stormarn.de\/HomepageII\/?page_id=344"},"modified":"2026-03-20T15:49:15","modified_gmt":"2026-03-20T14:49:15","slug":"kindertagesstaetten","status":"publish","type":"page","link":"https:\/\/lebenshilfe-stormarn.de\/HomepageII\/jobs\/kindertagesstaetten\/","title":{"rendered":"Kindertagesst\u00e4tten"},"content":{"rendered":"<div class=\"fusion-fullwidth fullwidth-box fusion-builder-row-1 fusion-flex-container has-pattern-background has-mask-background nonhundred-percent-fullwidth non-hundred-percent-height-scrolling\" style=\"--awb-border-radius-top-left:0px;--awb-border-radius-top-right:0px;--awb-border-radius-bottom-right:0px;--awb-border-radius-bottom-left:0px;--awb-flex-wrap:wrap;\" ><div class=\"fusion-builder-row fusion-row fusion-flex-align-items-flex-start fusion-flex-content-wrap\" style=\"max-width:1248px;margin-left: calc(-4% \/ 2 );margin-right: calc(-4% \/ 2 );\"><div class=\"fusion-layout-column fusion_builder_column fusion-builder-column-0 fusion_builder_column_1_1 1_1 fusion-flex-column\" style=\"--awb-bg-size:cover;--awb-width-large:100%;--awb-margin-top-large:0px;--awb-spacing-right-large:1.92%;--awb-margin-bottom-large:20px;--awb-spacing-left-large:1.92%;--awb-width-medium:100%;--awb-order-medium:0;--awb-spacing-right-medium:1.92%;--awb-spacing-left-medium:1.92%;--awb-width-small:100%;--awb-order-small:0;--awb-spacing-right-small:1.92%;--awb-spacing-left-small:1.92%;\"><div class=\"fusion-column-wrapper fusion-column-has-shadow fusion-flex-justify-content-flex-start fusion-content-layout-column\"><div class=\"fusion-text fusion-text-1\"><div class=\"job_listings\" data-location=\"\" data-keywords=\"\" data-show_filters=\"false\" data-show_pagination=\"false\" data-per_page=\"10\" data-orderby=\"featured\" data-order=\"DESC\" data-categories=\"\" data-disable-form-state-storage=\"\" data-featured_first=\"false\" data-job_types=\"integrations-kindertagesstaette-baerenhoehle,integrations-kindertagesstaette-beste-freunde,integrations-kindertagesstaette-brummkreisel,integrations-kindertagesstaette-muellerwiese,integrations-kindertagesstaette-zauberredder,kindertagesstaette-bille-bande,kindertagesstaette-wurzelkinder,kitas-kreis-stormarn\" data-post_id=\"480\" ><ul class=\"job_listings\">\n<li class=\"post-1513 job_listing type-job_listing status-publish hentry job-type-kitas-kreis-stormarn\" data-longitude=\"\" data-latitude=\"\">\n\t<a href=\"https:\/\/lebenshilfe-stormarn.de\/HomepageII\/job\/mach-ein-freiwilliges-soziales-jahr-fsj-bei-uns-kennzeichen-3000-90-7\/\">\n\t\t<img decoding=\"async\" class=\"company_logo\" src=\"https:\/\/lebenshilfe-stormarn.de\/HomepageII\/wp-content\/plugins\/wp-job-manager\/assets\/images\/company.png\" alt=\"Lebenshilfe Stormarn\" \/>\t\t<div class=\"position\">\n\t\t\t<h3>Mach ein Freiwilliges Soziales Jahr (FSJ) bei uns! \u2013 Kennzeichen 3000\/90-7<\/h3>\n\t\t\t<div class=\"company\">\n\t\t\t\t<strong>Lebenshilfe Stormarn<\/strong> \t\t\t\t\t\t\t<\/div>\n\t\t<\/div>\n\t\t<div class=\"location\">\n\t\t\tKreis Stormarn\t\t<\/div>\n\t\t<ul class=\"meta\">\n\t\t\t\n\t\t\t\t\t\t\t\t\t\t\t\t\t\t\t\t<li class=\"job-type kitas-kreis-stormarn\">Kitas Kreis Stormarn<\/li>\n\t\t\t\t\t\t\t\n\t\t\t<li class=\"date\"><time datetime=\"2026-03-20\">Ver\u00f6ffentlicht vor 3\u00a0Wochen<\/time><\/li>\n\n\t\t\t\t\t<\/ul>\n\t<\/a>\n<\/li>\n<li class=\"post-1511 job_listing type-job_listing status-publish hentry job-type-integrations-kindertagesstaette-beste-freunde\" data-longitude=\"\" data-latitude=\"\">\n\t<a href=\"https:\/\/lebenshilfe-stormarn.de\/HomepageII\/job\/sozialpaedagogischen-assistentin-m-w-d-oder-aehnliche-qualifikation-in-teilzeit-25-30-wochenstunden-kennzeichen-3000-70-26\/\">\n\t\t<img decoding=\"async\" class=\"company_logo\" src=\"https:\/\/lebenshilfe-stormarn.de\/HomepageII\/wp-content\/plugins\/wp-job-manager\/assets\/images\/company.png\" alt=\"Lebenshilfe Stormarn\" \/>\t\t<div class=\"position\">\n\t\t\t<h3>Sozialp\u00e4dagogische*n Assistent*in (m\/w\/d) oder \u00e4hnliche Qualifikation, in Teilzeit (25-30 Wochenstunden) \u2013 Kennzeichen 3000\/70-26<\/h3>\n\t\t\t<div class=\"company\">\n\t\t\t\t<strong>Lebenshilfe Stormarn<\/strong> \t\t\t\t\t\t\t<\/div>\n\t\t<\/div>\n\t\t<div class=\"location\">\n\t\t\tGro\u00dfhansdorf\t\t<\/div>\n\t\t<ul class=\"meta\">\n\t\t\t\n\t\t\t\t\t\t\t\t\t\t\t\t\t\t\t\t<li class=\"job-type integrations-kindertagesstaette-beste-freunde\">Integrations-Kindertagesst\u00e4tte Beste Freunde<\/li>\n\t\t\t\t\t\t\t\n\t\t\t<li class=\"date\"><time datetime=\"2026-03-20\">Ver\u00f6ffentlicht vor 3\u00a0Wochen<\/time><\/li>\n\n\t\t\t\t\t<\/ul>\n\t<\/a>\n<\/li>\n<li class=\"post-1500 job_listing type-job_listing status-publish hentry job-type-integrations-kindertagesstaette-beste-freunde\" data-longitude=\"\" data-latitude=\"\">\n\t<a href=\"https:\/\/lebenshilfe-stormarn.de\/HomepageII\/job\/auszubildenden-fuer-die-praxisintegrierte-ausbildung-pia-zum-zur-erzieherin-m-w-d-ab-dem-01-08-2026-kennzeichen-3000-70-25\/\">\n\t\t<img decoding=\"async\" class=\"company_logo\" src=\"https:\/\/lebenshilfe-stormarn.de\/HomepageII\/wp-content\/plugins\/wp-job-manager\/assets\/images\/company.png\" alt=\"Lebenshilfe Stormarn\" \/>\t\t<div class=\"position\">\n\t\t\t<h3>Auszubildende*n f\u00fcr die Praxisintegrierte Ausbildung (PiA) zum\/zur Erzieher*in (m\/w\/d) &#8211; ab dem 01.08.2026 \u2013 Kennzeichen 3000\/70-25<\/h3>\n\t\t\t<div class=\"company\">\n\t\t\t\t<strong>Lebenshilfe Stormarn<\/strong> \t\t\t\t\t\t\t<\/div>\n\t\t<\/div>\n\t\t<div class=\"location\">\n\t\t\tGro\u00dfhansdorf\t\t<\/div>\n\t\t<ul class=\"meta\">\n\t\t\t\n\t\t\t\t\t\t\t\t\t\t\t\t\t\t\t\t<li class=\"job-type integrations-kindertagesstaette-beste-freunde\">Integrations-Kindertagesst\u00e4tte Beste Freunde<\/li>\n\t\t\t\t\t\t\t\n\t\t\t<li class=\"date\"><time datetime=\"2026-03-18\">Ver\u00f6ffentlicht vor 3\u00a0Wochen<\/time><\/li>\n\n\t\t\t\t\t<\/ul>\n\t<\/a>\n<\/li>\n<li class=\"post-1468 job_listing type-job_listing status-publish hentry job-type-kindertagesstaette-wurzelkinder\" data-longitude=\"\" data-latitude=\"\">\n\t<a href=\"https:\/\/lebenshilfe-stormarn.de\/HomepageII\/job\/erzieherin-m-w-d-in-teilzeit-35-std-woche-befristet-bis-august-2029-kennzeichen-3000-60-31\/\">\n\t\t<img decoding=\"async\" class=\"company_logo\" src=\"https:\/\/lebenshilfe-stormarn.de\/HomepageII\/wp-content\/plugins\/wp-job-manager\/assets\/images\/company.png\" alt=\"Lebenshilfe Stormarn\" \/>\t\t<div class=\"position\">\n\t\t\t<h3>Erzieher*in (m\/w\/d), in Teilzeit (35 Std.\/Woche), befristet bis August 2029 \u2013\u00a0Kennzeichen 3000\/60-31<\/h3>\n\t\t\t<div class=\"company\">\n\t\t\t\t<strong>Lebenshilfe Stormarn<\/strong> \t\t\t\t\t\t\t<\/div>\n\t\t<\/div>\n\t\t<div class=\"location\">\n\t\t\tReinfeld\t\t<\/div>\n\t\t<ul class=\"meta\">\n\t\t\t\n\t\t\t\t\t\t\t\t\t\t\t\t\t\t\t\t<li class=\"job-type kindertagesstaette-wurzelkinder\">Kindertagesst\u00e4tte Wurzelkinder<\/li>\n\t\t\t\t\t\t\t\n\t\t\t<li class=\"date\"><time datetime=\"2026-02-25\">Ver\u00f6ffentlicht vor 1\u00a0Monat<\/time><\/li>\n\n\t\t\t\t\t<\/ul>\n\t<\/a>\n<\/li>\n<li class=\"post-1213 job_listing type-job_listing status-publish hentry job-type-integrations-kindertagesstaette-baerenhoehle\" data-longitude=\"\" data-latitude=\"\">\n\t<a href=\"https:\/\/lebenshilfe-stormarn.de\/HomepageII\/job\/erzieherin-m-w-d-hep-m-w-d-oder-spa-m-w-d-in-vollzeit-385-std-woche-kennzeichen-3000-30-24\/\">\n\t\t<img decoding=\"async\" class=\"company_logo\" src=\"https:\/\/lebenshilfe-stormarn.de\/HomepageII\/wp-content\/plugins\/wp-job-manager\/assets\/images\/company.png\" alt=\"Lebenshilfe Stormarn\" \/>\t\t<div class=\"position\">\n\t\t\t<h3>Erzieher*in (m\/w\/d), HEP (m\/w\/d) oder SPA (m\/w\/d), in Vollzeit (38,5 Std.\/Woche) \u2013 Kennzeichen 3000\/30-24<\/h3>\n\t\t\t<div class=\"company\">\n\t\t\t\t<strong>Lebenshilfe Stormarn<\/strong> \t\t\t\t\t\t\t<\/div>\n\t\t<\/div>\n\t\t<div class=\"location\">\n\t\t\tReinbek\t\t<\/div>\n\t\t<ul class=\"meta\">\n\t\t\t\n\t\t\t\t\t\t\t\t\t\t\t\t\t\t\t\t<li class=\"job-type integrations-kindertagesstaette-baerenhoehle\">Integrations-Kindertagesst\u00e4tte B\u00e4renh\u00f6hle<\/li>\n\t\t\t\t\t\t\t\n\t\t\t<li class=\"date\"><time datetime=\"2025-12-01\">Ver\u00f6ffentlicht vor 4\u00a0Monaten<\/time><\/li>\n\n\t\t\t\t\t<\/ul>\n\t<\/a>\n<\/li>\n<li class=\"post-1212 job_listing type-job_listing status-publish hentry job-type-integrations-kindertagesstaette-baerenhoehle\" data-longitude=\"\" data-latitude=\"\">\n\t<a href=\"https:\/\/lebenshilfe-stormarn.de\/HomepageII\/job\/erzieherin-m-w-d-hep-m-w-d-oder-spa-m-w-d-in-teilzeit-mind-30-std-woche-kennzeichen-3000-30-23\/\">\n\t\t<img decoding=\"async\" class=\"company_logo\" src=\"https:\/\/lebenshilfe-stormarn.de\/HomepageII\/wp-content\/plugins\/wp-job-manager\/assets\/images\/company.png\" alt=\"Lebenshilfe Stormarn\" \/>\t\t<div class=\"position\">\n\t\t\t<h3>Erzieher*in (m\/w\/d), HEP (m\/w\/d) oder SPA (m\/w\/d), in Teilzeit (mind. 30 Std.\/Woche) \u2013 Kennzeichen 3000\/30-23<\/h3>\n\t\t\t<div class=\"company\">\n\t\t\t\t<strong>Lebenshilfe Stormarn<\/strong> \t\t\t\t\t\t\t<\/div>\n\t\t<\/div>\n\t\t<div class=\"location\">\n\t\t\tReinbek\t\t<\/div>\n\t\t<ul class=\"meta\">\n\t\t\t\n\t\t\t\t\t\t\t\t\t\t\t\t\t\t\t\t<li class=\"job-type integrations-kindertagesstaette-baerenhoehle\">Integrations-Kindertagesst\u00e4tte B\u00e4renh\u00f6hle<\/li>\n\t\t\t\t\t\t\t\n\t\t\t<li class=\"date\"><time datetime=\"2025-12-01\">Ver\u00f6ffentlicht vor 4\u00a0Monaten<\/time><\/li>\n\n\t\t\t\t\t<\/ul>\n\t<\/a>\n<\/li>\n<li class=\"post-277 job_listing type-job_listing status-publish hentry job-type-integrations-kindertagesstaette-beste-freunde\" data-longitude=\"\" data-latitude=\"\">\n\t<a href=\"https:\/\/lebenshilfe-stormarn.de\/HomepageII\/job\/erzieherin-m-w-d-oder-aehnliche-qualifikation-in-teilzeit-30-35-std-woche-kennzeichen-3000-70-20\/\">\n\t\t<img decoding=\"async\" class=\"company_logo\" src=\"https:\/\/lebenshilfe-stormarn.de\/HomepageII\/wp-content\/plugins\/wp-job-manager\/assets\/images\/company.png\" alt=\"Lebenshilfe Stormarn\" \/>\t\t<div class=\"position\">\n\t\t\t<h3>Erzieher*in (m\/w\/d) oder \u00e4hnliche Qualifikation in Teilzeit (30-35 Std.\/Woche) &#8211; Kennzeichen 3000\/70-20<\/h3>\n\t\t\t<div class=\"company\">\n\t\t\t\t<strong>Lebenshilfe Stormarn<\/strong> \t\t\t\t\t\t\t<\/div>\n\t\t<\/div>\n\t\t<div class=\"location\">\n\t\t\tGro\u00dfhansdorf\t\t<\/div>\n\t\t<ul class=\"meta\">\n\t\t\t\n\t\t\t\t\t\t\t\t\t\t\t\t\t\t\t\t<li class=\"job-type integrations-kindertagesstaette-beste-freunde\">Integrations-Kindertagesst\u00e4tte Beste Freunde<\/li>\n\t\t\t\t\t\t\t\n\t\t\t<li class=\"date\"><time datetime=\"2025-12-01\">Ver\u00f6ffentlicht vor 4\u00a0Monaten<\/time><\/li>\n\n\t\t\t\t\t<\/ul>\n\t<\/a>\n<\/li>\n<li class=\"post-1316 job_listing type-job_listing status-publish hentry job-type-integrations-kindertagesstaette-zauberredder\" data-longitude=\"\" data-latitude=\"\">\n\t<a href=\"https:\/\/lebenshilfe-stormarn.de\/HomepageII\/job\/erzieherin-m-w-d-oder-heilerziehungspflegerin-m-w-d-in-teilzeit-20-25-std-woche-befristet-bis-31-01-2027-kennzeichen-3000-10-19\/\">\n\t\t<img decoding=\"async\" class=\"company_logo\" src=\"https:\/\/lebenshilfe-stormarn.de\/HomepageII\/wp-content\/plugins\/wp-job-manager\/assets\/images\/company.png\" alt=\"Lebenshilfe Stormarn\" \/>\t\t<div class=\"position\">\n\t\t\t<h3>Erzieher*in (m\/w\/d) oder Heilerziehungspfleger*in (m\/w\/d) in Teilzeit (20 \u2013 25 Std.\/Woche), befristet bis 31.01.2027\u00a0\u2013 Kennzeichen 3000\/10-19<\/h3>\n\t\t\t<div class=\"company\">\n\t\t\t\t<strong>Lebenshilfe Stormarn<\/strong> \t\t\t\t\t\t\t<\/div>\n\t\t<\/div>\n\t\t<div class=\"location\">\n\t\t\tAhrensburg\t\t<\/div>\n\t\t<ul class=\"meta\">\n\t\t\t\n\t\t\t\t\t\t\t\t\t\t\t\t\t\t\t\t<li class=\"job-type integrations-kindertagesstaette-zauberredder\">Integrations-Kindertagesst\u00e4tte Zauberredder<\/li>\n\t\t\t\t\t\t\t\n\t\t\t<li class=\"date\"><time datetime=\"2025-11-13\">Ver\u00f6ffentlicht vor 5\u00a0Monaten<\/time><\/li>\n\n\t\t\t\t\t<\/ul>\n\t<\/a>\n<\/li>\n<li class=\"post-480 job_listing type-job_listing status-publish hentry job-type-integrations-kindertagesstaette-muellerwiese\" data-longitude=\"\" data-latitude=\"\">\n\t<a href=\"https:\/\/lebenshilfe-stormarn.de\/HomepageII\/job\/physiotherapeutin-m-w-d-auf-rezeptbasis-im-rahmen-einer-kooperation-kennzeichen-3000-20-16\/\">\n\t\t<img decoding=\"async\" class=\"company_logo\" src=\"https:\/\/lebenshilfe-stormarn.de\/HomepageII\/wp-content\/plugins\/wp-job-manager\/assets\/images\/company.png\" alt=\"Lebenshilfe Stormarn\" \/>\t\t<div class=\"position\">\n\t\t\t<h3>Physiotherapeut*in (m\/w\/d) auf Rezeptbasis, im Rahmen einer Kooperation \u2013 Kennzeichen: 3000\/20-16<\/h3>\n\t\t\t<div class=\"company\">\n\t\t\t\t<strong>Lebenshilfe Stormarn<\/strong> \t\t\t\t\t\t\t<\/div>\n\t\t<\/div>\n\t\t<div class=\"location\">\n\t\t\tReinfeld\t\t<\/div>\n\t\t<ul class=\"meta\">\n\t\t\t\n\t\t\t\t\t\t\t\t\t\t\t\t\t\t\t\t<li class=\"job-type integrations-kindertagesstaette-muellerwiese\">Integrations-Kindertagesst\u00e4tte M\u00fcllerwiese<\/li>\n\t\t\t\t\t\t\t\n\t\t\t<li class=\"date\"><time datetime=\"2024-11-19\">Ver\u00f6ffentlicht vor 1\u00a0Jahr<\/time><\/li>\n\n\t\t\t\t\t<\/ul>\n\t<\/a>\n<\/li>\n<\/ul>\n<\/div>\n<\/div><\/div><\/div><\/div><\/div>\n","protected":false},"excerpt":{"rendered":"","protected":false},"author":1,"featured_media":0,"parent":95,"menu_order":0,"comment_status":"closed","ping_status":"closed","template":"100-width.php","meta":{"footnotes":""},"class_list":["post-344","page","type-page","status-publish","hentry"],"_links":{"self":[{"href":"https:\/\/lebenshilfe-stormarn.de\/HomepageII\/wp-json\/wp\/v2\/pages\/344","targetHints":{"allow":["GET"]}}],"collection":[{"href":"https:\/\/lebenshilfe-stormarn.de\/HomepageII\/wp-json\/wp\/v2\/pages"}],"about":[{"href":"https:\/\/lebenshilfe-stormarn.de\/HomepageII\/wp-json\/wp\/v2\/types\/page"}],"author":[{"embeddable":true,"href":"https:\/\/lebenshilfe-stormarn.de\/HomepageII\/wp-json\/wp\/v2\/users\/1"}],"replies":[{"embeddable":true,"href":"https:\/\/lebenshilfe-stormarn.de\/HomepageII\/wp-json\/wp\/v2\/comments?post=344"}],"version-history":[{"count":9,"href":"https:\/\/lebenshilfe-stormarn.de\/HomepageII\/wp-json\/wp\/v2\/pages\/344\/revisions"}],"predecessor-version":[{"id":1515,"href":"https:\/\/lebenshilfe-stormarn.de\/HomepageII\/wp-json\/wp\/v2\/pages\/344\/revisions\/1515"}],"up":[{"embeddable":true,"href":"https:\/\/lebenshilfe-stormarn.de\/HomepageII\/wp-json\/wp\/v2\/pages\/95"}],"wp:attachment":[{"href":"https:\/\/lebenshilfe-stormarn.de\/HomepageII\/wp-json\/wp\/v2\/media?parent=344"}],"curies":[{"name":"wp","href":"https:\/\/api.w.org\/{rel}","templated":true}]}}