{"id":383,"date":"2024-11-18T11:53:09","date_gmt":"2024-11-18T10:53:09","guid":{"rendered":"https:\/\/lebenshilfe-stormarn.de\/HomepageII\/?page_id=383"},"modified":"2025-01-23T15:41:46","modified_gmt":"2025-01-23T14:41:46","slug":"verein","status":"publish","type":"page","link":"https:\/\/lebenshilfe-stormarn.de\/HomepageII\/verein\/","title":{"rendered":"Verein"},"content":{"rendered":"<div class=\"fusion-fullwidth fullwidth-box fusion-builder-row-1 fusion-flex-container has-pattern-background has-mask-background nonhundred-percent-fullwidth non-hundred-percent-height-scrolling\" style=\"--awb-border-radius-top-left:0px;--awb-border-radius-top-right:0px;--awb-border-radius-bottom-right:0px;--awb-border-radius-bottom-left:0px;--awb-flex-wrap:wrap;\" ><div class=\"fusion-builder-row fusion-row fusion-flex-align-items-flex-start fusion-flex-content-wrap\" style=\"max-width:1248px;margin-left: calc(-4% \/ 2 );margin-right: calc(-4% \/ 2 );\"><div class=\"fusion-layout-column fusion_builder_column fusion-builder-column-0 fusion_builder_column_1_1 1_1 fusion-flex-column\" style=\"--awb-bg-size:cover;--awb-width-large:100%;--awb-margin-top-large:0px;--awb-spacing-right-large:1.92%;--awb-margin-bottom-large:20px;--awb-spacing-left-large:1.92%;--awb-width-medium:100%;--awb-order-medium:0;--awb-spacing-right-medium:1.92%;--awb-spacing-left-medium:1.92%;--awb-width-small:100%;--awb-order-small:0;--awb-spacing-right-small:1.92%;--awb-spacing-left-small:1.92%;\"><div class=\"fusion-column-wrapper fusion-column-has-shadow fusion-flex-justify-content-flex-start fusion-content-layout-column\"><div class=\"fusion-text fusion-text-1\"><h2 class=\"wp-block-heading fusion-responsive-typography-calculated\" data-fontsize=\"21\" data-lineheight=\"31.5px\">Lebenshilfe Stormarn e.V.<\/h2>\n<p>Im Verein Lebenshilfe Stormarn e.V. \u2013 Verein f\u00fcr Menschen mit Behinderungen \u2013 haben sich Eltern und Angeh\u00f6rige von Menschen mit Behinderungen, Freunde, Fachleute und nat\u00fcrlich auch Menschen mit Behinderungen zusammengeschlossen.<\/p>\n<p>Die Lebenshilfe informiert sich, mischt sich ein, \u00fcberzeugt und setzt sich auseinander. Wir wollen f\u00fcr Menschen mit Behinderungen und deren Familien verbesserte Lebensbedingungen schaffen und auf ihre Teilhabe in allen Bereichen des gesellschaftlichen Lebens hinwirken, sie informieren. Wir wollen ihnen Mut machen, sich sachkundig zu machen, sich einzumischen, zu \u00fcberzeugen, sich auseinanderzusetzen und zu helfen.<\/p>\n<h2 class=\"wp-block-heading fusion-responsive-typography-calculated\" data-fontsize=\"21\" data-lineheight=\"31.5px\">Was ist die Lebenshilfe?<\/h2>\n<p>Die Bundesvereinigung wurde 1958 in Marburg gegr\u00fcndet und hat bundesweit \u00fcber 125.000 Mitglieder. Sie hat sich inzwischen zu einer Organisation entwickelt, die heute aus vier S\u00e4ulen besteht:<\/p>\n<ul class=\"wp-block-list\">\n<li>Eltern und Angeh\u00f6rigenvereinigung<\/li>\n<li>Selbsthilfeverband und Interessenvertretung der Menschen mit Behinderung<\/li>\n<li>Fachverband<\/li>\n<li>Tr\u00e4gerverband<\/li>\n<\/ul>\n<h2 class=\"wp-block-heading fusion-responsive-typography-calculated\" data-fontsize=\"21\" data-lineheight=\"31.5px\">Wer ist die Lebenshilfe Stormarn?<\/h2>\n<p>Die Lebenshilfe Stormarn e.V. ist ein gemeinn\u00fctziger Verein, gegr\u00fcndet 1966 in Ahrensburg. Der Verein hat im Kreis Stormarn ca. 250 Mitglieder. Um gemeinsam st\u00e4rker zu sein, sind wir als Verein Mitglied im Landesverband der Lebenshilfe Schleswig-Holstein sowie in der Bundesvereinigung der Lebenshilfe in Marburg.<\/p>\n<h2 class=\"wp-block-heading fusion-responsive-typography-calculated\" data-fontsize=\"21\" data-lineheight=\"31.5px\">Was tut die Lebenshilfe?<\/h2>\n<p>Zur Erf\u00fcllung seiner satzungsgem\u00e4\u00dfen gestellten Aufgaben hat der Verein das Lebenshilfewerk Stormarn gGmbH und die Lebenshilfe Service gGmbH gegr\u00fcndet. Unter diesem Dach betreibt der Verein \u00fcber 20 verschiedene Dienste und Einrichtungen.<\/p>\n<h2 class=\"wp-block-heading fusion-responsive-typography-calculated\" data-fontsize=\"21\" data-lineheight=\"31.5px\">Au\u00dferdem bietet der Verein an<\/h2>\n<ul class=\"wp-block-list\">\n<li>Beratung in behinderungsbedingten Fragen<\/li>\n<li>Elterngespr\u00e4chskreise<\/li>\n<li>Wandergruppe<\/li>\n<li>Tanzgruppe<\/li>\n<li>Treffen junger Eltern<\/li>\n<li>gemeinsame Feste etc.<\/li>\n<\/ul>\n<\/div><\/div><\/div><\/div><\/div>\n","protected":false},"excerpt":{"rendered":"","protected":false},"author":1,"featured_media":0,"parent":0,"menu_order":0,"comment_status":"closed","ping_status":"closed","template":"100-width.php","meta":{"footnotes":""},"class_list":["post-383","page","type-page","status-publish","hentry"],"_links":{"self":[{"href":"https:\/\/lebenshilfe-stormarn.de\/HomepageII\/wp-json\/wp\/v2\/pages\/383","targetHints":{"allow":["GET"]}}],"collection":[{"href":"https:\/\/lebenshilfe-stormarn.de\/HomepageII\/wp-json\/wp\/v2\/pages"}],"about":[{"href":"https:\/\/lebenshilfe-stormarn.de\/HomepageII\/wp-json\/wp\/v2\/types\/page"}],"author":[{"embeddable":true,"href":"https:\/\/lebenshilfe-stormarn.de\/HomepageII\/wp-json\/wp\/v2\/users\/1"}],"replies":[{"embeddable":true,"href":"https:\/\/lebenshilfe-stormarn.de\/HomepageII\/wp-json\/wp\/v2\/comments?post=383"}],"version-history":[{"count":6,"href":"https:\/\/lebenshilfe-stormarn.de\/HomepageII\/wp-json\/wp\/v2\/pages\/383\/revisions"}],"predecessor-version":[{"id":782,"href":"https:\/\/lebenshilfe-stormarn.de\/HomepageII\/wp-json\/wp\/v2\/pages\/383\/revisions\/782"}],"wp:attachment":[{"href":"https:\/\/lebenshilfe-stormarn.de\/HomepageII\/wp-json\/wp\/v2\/media?parent=383"}],"curies":[{"name":"wp","href":"https:\/\/api.w.org\/{rel}","templated":true}]}}