{"id":385,"date":"2024-11-18T11:53:40","date_gmt":"2024-11-18T10:53:40","guid":{"rendered":"https:\/\/lebenshilfe-stormarn.de\/HomepageII\/?page_id=385"},"modified":"2025-01-23T15:42:29","modified_gmt":"2025-01-23T14:42:29","slug":"leitbild","status":"publish","type":"page","link":"https:\/\/lebenshilfe-stormarn.de\/HomepageII\/verein\/leitbild\/","title":{"rendered":"Leitbild"},"content":{"rendered":"<div class=\"fusion-fullwidth fullwidth-box fusion-builder-row-1 fusion-flex-container has-pattern-background has-mask-background nonhundred-percent-fullwidth non-hundred-percent-height-scrolling\" style=\"--awb-border-radius-top-left:0px;--awb-border-radius-top-right:0px;--awb-border-radius-bottom-right:0px;--awb-border-radius-bottom-left:0px;--awb-flex-wrap:wrap;\" ><div class=\"fusion-builder-row fusion-row fusion-flex-align-items-flex-start fusion-flex-content-wrap\" style=\"max-width:1248px;margin-left: calc(-4% \/ 2 );margin-right: calc(-4% \/ 2 );\"><div class=\"fusion-layout-column fusion_builder_column fusion-builder-column-0 fusion_builder_column_1_1 1_1 fusion-flex-column\" style=\"--awb-bg-size:cover;--awb-width-large:100%;--awb-margin-top-large:0px;--awb-spacing-right-large:1.92%;--awb-margin-bottom-large:20px;--awb-spacing-left-large:1.92%;--awb-width-medium:100%;--awb-order-medium:0;--awb-spacing-right-medium:1.92%;--awb-spacing-left-medium:1.92%;--awb-width-small:100%;--awb-order-small:0;--awb-spacing-right-small:1.92%;--awb-spacing-left-small:1.92%;\"><div class=\"fusion-column-wrapper fusion-column-has-shadow fusion-flex-justify-content-flex-start fusion-content-layout-column\"><div class=\"fusion-text fusion-text-1\"><p>Die Lebenshilfe Stormarn e.V. und ihre Tochterunternehmen, die Lebenshilfewerk Stormarn gGmbH und die Lebenshilfe Service gGmbH, sind Unternehmen im sozialen Dienstleistungsbereich und Tr\u00e4ger von Einrichtungen zur F\u00f6rderung und Betreuung, Beratung und Integration von Menschen mit Behinderung und Entwicklungsauff\u00e4lligkeiten.<\/p>\n<h2 class=\"wp-block-heading fusion-responsive-typography-calculated\" data-fontsize=\"21\" data-lineheight=\"31.5px\">T\u00e4tigkeitsbereiche der Lebenshilfe Stormarn<\/h2>\n<ul class=\"wp-block-list\">\n<li>P\u00e4dagogische Fr\u00fchf\u00f6rderung<\/li>\n<li>Integrative Kindertagesst\u00e4tten<\/li>\n<li>F\u00f6rderung und Beratung im Bereich Einzelintegration in Regelkindertagesst\u00e4tten<\/li>\n<li>Heilp\u00e4dagogische Wohngruppen f\u00fcr Kinder und Jugendliche mit Behinderung<\/li>\n<li>Wohngruppen f\u00fcr Erwachsene mit Behinderung<\/li>\n<li>Familienentlastende Dienste \/ Ambulante Dienste<\/li>\n<li>Pflegedienst<\/li>\n<li>Freizeitarbeit<\/li>\n<\/ul>\n<h2 class=\"wp-block-heading fusion-responsive-typography-calculated\" data-fontsize=\"21\" data-lineheight=\"31.5px\">Leitbild<\/h2>\n<p>Unser Leitbild wurde von MitarbeiterInnen und Gremien erarbeitet. Es gibt Auskunft \u00fcber die Grundlagen und Ziele unserer Arbeit. Zusammen mit den Konzeptionen der verschiedenen Bereiche bildet es Richtschnur und Rahmen f\u00fcr unser Handeln: Es ist f\u00fcr alle MitarbeiterInnen bindend.<\/p>\n<p>Unser Leitbild und unsere Konzeption werden regelm\u00e4\u00dfig \u00fcberpr\u00fcft und im erforderlichen Ma\u00dfe fortgeschrieben.<\/p>\n<ul class=\"wp-block-list\">\n<li>Wir erm\u00f6glichen Menschen mit Behinderung, unabh\u00e4ngig von Art und Schwere der Behinderung, Entwicklungsauff\u00e4lligkeiten, Nationalit\u00e4t und sozialem Status ein altersentsprechendes Angebot zum Leben, Lernen, Arbeiten und Wohnen. Dies umfasst F\u00f6rderung, Betreuung und Begleitung. Wir unterst\u00fctzen die Selbstbestimmung, Mitwirkung, Eigenverantwortung und Integration.<\/li>\n<li>Unsere Angebote orientieren sich an den W\u00fcnschen, Bed\u00fcrfnissen und M\u00f6glichkeiten der Menschen mit Behinderung. Grundlage und Rahmen bilden die gesetzlichen Bestimmungen.<\/li>\n<li>Eltern, andere Angeh\u00f6rige und gesetzliche BetreuerInnen bringen wichtige Erfahrungen in unsere Arbeit ein. Wir suchen den Austausch.<\/li>\n<li>Als Interessenvertreter von Menschen mit Behinderung betreiben wir zielgerichtete \u00d6ffentlichkeitsarbeit. Die Kooperation zwischen den Einrichtungen intern und anderen Tr\u00e4gern und Einrichtungen wird engagiert gepflegt.<\/li>\n<li>Wir erreichen unsere Ziele durch klare Zust\u00e4ndigkeiten und geregelte Arbeitsabl\u00e4ufe. Wir wollen die Mitgestaltung durch die Beteiligten und den offenen Informationsaustausch.<\/li>\n<li>Den verschiedenen Aufgaben entsprechend, garantieren wir den umfassenden Einsatz von Fachpersonal. Durch berufliche Fortbildung sichern und erweitern wir unsere Fachlichkeit und verantworten die von uns \u00fcbernommenen Aufgabengebiete.<\/li>\n<li>Auch der verantwortungsbewusste Einsatz von Personal, Zeit, Geld und Sachmitteln sowie der schonende Umgang mit den nat\u00fcrlichen Ressourcen geh\u00f6ren zu den Grundlagen unserer Arbeit.<\/li>\n<li>Die Qualit\u00e4t unserer Arbeit richtet sich nach den aktuellen wissenschaftlichen und fachlichen Standards.<\/li>\n<li>Die Qualit\u00e4t ist \u00fcberpr\u00fcfbar.<\/li>\n<\/ul>\n<\/div><\/div><\/div><\/div><\/div>\n","protected":false},"excerpt":{"rendered":"","protected":false},"author":1,"featured_media":0,"parent":383,"menu_order":0,"comment_status":"closed","ping_status":"closed","template":"100-width.php","meta":{"footnotes":""},"class_list":["post-385","page","type-page","status-publish","hentry"],"_links":{"self":[{"href":"https:\/\/lebenshilfe-stormarn.de\/HomepageII\/wp-json\/wp\/v2\/pages\/385","targetHints":{"allow":["GET"]}}],"collection":[{"href":"https:\/\/lebenshilfe-stormarn.de\/HomepageII\/wp-json\/wp\/v2\/pages"}],"about":[{"href":"https:\/\/lebenshilfe-stormarn.de\/HomepageII\/wp-json\/wp\/v2\/types\/page"}],"author":[{"embeddable":true,"href":"https:\/\/lebenshilfe-stormarn.de\/HomepageII\/wp-json\/wp\/v2\/users\/1"}],"replies":[{"embeddable":true,"href":"https:\/\/lebenshilfe-stormarn.de\/HomepageII\/wp-json\/wp\/v2\/comments?post=385"}],"version-history":[{"count":4,"href":"https:\/\/lebenshilfe-stormarn.de\/HomepageII\/wp-json\/wp\/v2\/pages\/385\/revisions"}],"predecessor-version":[{"id":783,"href":"https:\/\/lebenshilfe-stormarn.de\/HomepageII\/wp-json\/wp\/v2\/pages\/385\/revisions\/783"}],"up":[{"embeddable":true,"href":"https:\/\/lebenshilfe-stormarn.de\/HomepageII\/wp-json\/wp\/v2\/pages\/383"}],"wp:attachment":[{"href":"https:\/\/lebenshilfe-stormarn.de\/HomepageII\/wp-json\/wp\/v2\/media?parent=385"}],"curies":[{"name":"wp","href":"https:\/\/api.w.org\/{rel}","templated":true}]}}