{"id":387,"date":"2024-11-18T11:54:06","date_gmt":"2024-11-18T10:54:06","guid":{"rendered":"https:\/\/lebenshilfe-stormarn.de\/HomepageII\/?page_id=387"},"modified":"2025-01-23T15:43:19","modified_gmt":"2025-01-23T14:43:19","slug":"spenden","status":"publish","type":"page","link":"https:\/\/lebenshilfe-stormarn.de\/HomepageII\/verein\/spenden\/","title":{"rendered":"Spenden"},"content":{"rendered":"<div class=\"fusion-fullwidth fullwidth-box fusion-builder-row-1 fusion-flex-container has-pattern-background has-mask-background nonhundred-percent-fullwidth non-hundred-percent-height-scrolling\" style=\"--awb-border-radius-top-left:0px;--awb-border-radius-top-right:0px;--awb-border-radius-bottom-right:0px;--awb-border-radius-bottom-left:0px;--awb-flex-wrap:wrap;\" ><div class=\"fusion-builder-row fusion-row fusion-flex-align-items-flex-start fusion-flex-content-wrap\" style=\"max-width:1248px;margin-left: calc(-4% \/ 2 );margin-right: calc(-4% \/ 2 );\"><div class=\"fusion-layout-column fusion_builder_column fusion-builder-column-0 fusion_builder_column_1_1 1_1 fusion-flex-column\" style=\"--awb-bg-size:cover;--awb-width-large:100%;--awb-margin-top-large:0px;--awb-spacing-right-large:1.92%;--awb-margin-bottom-large:20px;--awb-spacing-left-large:1.92%;--awb-width-medium:100%;--awb-order-medium:0;--awb-spacing-right-medium:1.92%;--awb-spacing-left-medium:1.92%;--awb-width-small:100%;--awb-order-small:0;--awb-spacing-right-small:1.92%;--awb-spacing-left-small:1.92%;\"><div class=\"fusion-column-wrapper fusion-column-has-shadow fusion-flex-justify-content-flex-start fusion-content-layout-column\"><div class=\"fusion-text fusion-text-1\"><p>Mit einer hohen Motivation und Fachkompetenz betreuen die Mitarbeiterinnen und Mitarbeiter der Lebenshilfe Stormarn t\u00e4glich \u00fcber 1.000 Kinder und Jugendliche sowie etwa erwachsene Menschen mit Behinderung und deren Angeh\u00f6rige.<\/p>\n<p>Mit Ihrer Unterst\u00fctzung sorgt die Lebenshilfe Stormarn ein ganzes Leben lang f\u00fcr Menschen mit Behinderung. Mit ambulanten Betreuungsformen, Offenen Hilfen, Wohnheimpl\u00e4tzen, Kindertagesst\u00e4tten und vielem mehr.<\/p>\n<p>Um diese \u00fcber 20 Einrichtungen und Ma\u00dfnahmen aufzubauen und deren Finanzierung zu sichern waren und sind immense Anstrengungen erforderlich. Mit \u00f6ffentlichen Mitteln alleine k\u00f6nnen wir jedoch die tats\u00e4chlichen Kosten nicht mehr decken. Nur durch die wertvolle Hilfe aller Spender und Mitglieder k\u00f6nnen wir wichtige Neuanschaffungen t\u00e4tigen und unsere Arbeit f\u00fcr Menschen mit geistiger Behinderung in angemessener Weise fortsetzen.<\/p>\n<p>Ohne Ihre Unterst\u00fctzung w\u00e4re es nicht m\u00f6glich, die besondere Qualit\u00e4t der Betreuung und F\u00f6rderung f\u00fcr die Menschen mit geistiger Behinderung zu erhalten und neue Projekte zu verwirklichen. Daf\u00fcr ben\u00f6tigen wir Ihre Spende.<\/p>\n<h2 class=\"wp-block-heading fusion-responsive-typography-calculated\" data-fontsize=\"21\" data-lineheight=\"31.5px\">Deshalb die gro\u00dfe Bitte<\/h2>\n<p>Helfen Sie uns, auch weiterhin f\u00fcr Menschen mit geistiger Behinderung in allen Lebenslagen da zu sein!<\/p>\n<p>Wir versichern Ihnen, dass Ihre Spende eine zweckm\u00e4\u00dfige und korrekte Verwendung f\u00fcr die Unterst\u00fctzung dieser Menschen finden wird.<\/p>\n<h3 class=\"wp-block-heading fusion-responsive-typography-calculated\" data-fontsize=\"19\" data-lineheight=\"28.5px\">Spendenkonto<\/h3>\n<p>Lebenshilfe Stormarn<br \/>\nSparkasse Holstein<br \/>\nIBAN: DE91 2135 2240 0090 1753 42<br \/>\nBIC: NOLADE21HOL<\/p>\n<p><strong>Herzlichen Dank f\u00fcr Ihre Unterst\u00fctzung<\/strong><\/p>\n<\/div><\/div><\/div><\/div><\/div>\n","protected":false},"excerpt":{"rendered":"","protected":false},"author":1,"featured_media":0,"parent":383,"menu_order":0,"comment_status":"closed","ping_status":"closed","template":"100-width.php","meta":{"footnotes":""},"class_list":["post-387","page","type-page","status-publish","hentry"],"_links":{"self":[{"href":"https:\/\/lebenshilfe-stormarn.de\/HomepageII\/wp-json\/wp\/v2\/pages\/387","targetHints":{"allow":["GET"]}}],"collection":[{"href":"https:\/\/lebenshilfe-stormarn.de\/HomepageII\/wp-json\/wp\/v2\/pages"}],"about":[{"href":"https:\/\/lebenshilfe-stormarn.de\/HomepageII\/wp-json\/wp\/v2\/types\/page"}],"author":[{"embeddable":true,"href":"https:\/\/lebenshilfe-stormarn.de\/HomepageII\/wp-json\/wp\/v2\/users\/1"}],"replies":[{"embeddable":true,"href":"https:\/\/lebenshilfe-stormarn.de\/HomepageII\/wp-json\/wp\/v2\/comments?post=387"}],"version-history":[{"count":4,"href":"https:\/\/lebenshilfe-stormarn.de\/HomepageII\/wp-json\/wp\/v2\/pages\/387\/revisions"}],"predecessor-version":[{"id":784,"href":"https:\/\/lebenshilfe-stormarn.de\/HomepageII\/wp-json\/wp\/v2\/pages\/387\/revisions\/784"}],"up":[{"embeddable":true,"href":"https:\/\/lebenshilfe-stormarn.de\/HomepageII\/wp-json\/wp\/v2\/pages\/383"}],"wp:attachment":[{"href":"https:\/\/lebenshilfe-stormarn.de\/HomepageII\/wp-json\/wp\/v2\/media?parent=387"}],"curies":[{"name":"wp","href":"https:\/\/api.w.org\/{rel}","templated":true}]}}