{"id":389,"date":"2024-11-18T11:54:27","date_gmt":"2024-11-18T10:54:27","guid":{"rendered":"https:\/\/lebenshilfe-stormarn.de\/HomepageII\/?page_id=389"},"modified":"2025-08-25T17:50:36","modified_gmt":"2025-08-25T15:50:36","slug":"mitgliedschaft","status":"publish","type":"page","link":"https:\/\/lebenshilfe-stormarn.de\/HomepageII\/verein\/mitgliedschaft\/","title":{"rendered":"Mitgliedschaft"},"content":{"rendered":"<div class=\"fusion-fullwidth fullwidth-box fusion-builder-row-1 fusion-flex-container has-pattern-background has-mask-background nonhundred-percent-fullwidth non-hundred-percent-height-scrolling\" style=\"--awb-border-radius-top-left:0px;--awb-border-radius-top-right:0px;--awb-border-radius-bottom-right:0px;--awb-border-radius-bottom-left:0px;--awb-flex-wrap:wrap;\" ><div class=\"fusion-builder-row fusion-row fusion-flex-align-items-flex-start fusion-flex-content-wrap\" style=\"max-width:1248px;margin-left: calc(-4% \/ 2 );margin-right: calc(-4% \/ 2 );\"><div class=\"fusion-layout-column fusion_builder_column fusion-builder-column-0 fusion_builder_column_1_1 1_1 fusion-flex-column\" style=\"--awb-bg-size:cover;--awb-width-large:100%;--awb-margin-top-large:0px;--awb-spacing-right-large:1.92%;--awb-margin-bottom-large:20px;--awb-spacing-left-large:1.92%;--awb-width-medium:100%;--awb-order-medium:0;--awb-spacing-right-medium:1.92%;--awb-spacing-left-medium:1.92%;--awb-width-small:100%;--awb-order-small:0;--awb-spacing-right-small:1.92%;--awb-spacing-left-small:1.92%;\"><div class=\"fusion-column-wrapper fusion-column-has-shadow fusion-flex-justify-content-flex-start fusion-content-layout-column\"><div class=\"fusion-text fusion-text-1\"><p>Unterst\u00fctzen Sie uns in unseren Bem\u00fchungen f\u00fcr die Teilhabe der Menschen mit Behinderungen am Leben in unserer Gesellschaft und werden Sie Mitglied bei uns.<\/p>\n<p>Da dieser Verein haupts\u00e4chlich von Eltern und Angeh\u00f6rigen betroffener Menschen getragen wird, ist es wichtig, dass m\u00f6glichst viele Menschen Mitglied im Verein Lebenshilfe sind. Einigkeit und Anzahl der Mitglieder machen uns stark.<\/p>\n<p>Unser Jahresbeitrag betr\u00e4gt 40,00 \u20ac, f\u00fcr Menschen mit Behinderung 10,00 \u20ac<\/p>\n<p>Mitglieder erhalten die Lebenshilfe-Zeitung mit aktuellen Berichten aus ganz Deutschland. Darin enthalten ist auch die regelm\u00e4\u00dfig erscheinende Informationsbrosch\u00fcre des Landesverbandes der Lebenshilfe mit vielen Berichten \u00fcber Aktivit\u00e4ten, aber auch jede Menge Hinweise zur Rechtsprechung und z. B. zur Sozialgesetzgebung. Alle Mitglieder in Stormarn erhalten viermal j\u00e4hrlich unser INFOBLATT mit Tipps und Terminen.<\/p>\n<h2 class=\"wp-block-heading fusion-responsive-typography-calculated\" data-fontsize=\"21\" data-lineheight=\"31.5px\">Beitrittserkl\u00e4rung<\/h2>\n<p>Sie k\u00f6nnen sich hier die <a href=\"https:\/\/lebenshilfe-stormarn.de\/HomepageII\/wp-content\/uploads\/2025\/08\/LH-Verein-Satzung-Beitrittserklaerung-2.pdf\">Beitrittserkl\u00e4rung<\/a> als pdf-Datei herunterladen. Bitte drucken Sie diese aus und senden Sie uns diese zu. <a href=\"https:\/\/lebenshilfe-stormarn.de\/HomepageII\/wp-content\/uploads\/2025\/06\/LH-Verein-Satzung-DSG-EKD.pdf\">Erkl\u00e4rung zum Datenschutz<\/a><\/p>\n<\/div><\/div><\/div><\/div><\/div>\n","protected":false},"excerpt":{"rendered":"","protected":false},"author":1,"featured_media":0,"parent":383,"menu_order":0,"comment_status":"closed","ping_status":"closed","template":"100-width.php","meta":{"footnotes":""},"class_list":["post-389","page","type-page","status-publish","hentry"],"_links":{"self":[{"href":"https:\/\/lebenshilfe-stormarn.de\/HomepageII\/wp-json\/wp\/v2\/pages\/389","targetHints":{"allow":["GET"]}}],"collection":[{"href":"https:\/\/lebenshilfe-stormarn.de\/HomepageII\/wp-json\/wp\/v2\/pages"}],"about":[{"href":"https:\/\/lebenshilfe-stormarn.de\/HomepageII\/wp-json\/wp\/v2\/types\/page"}],"author":[{"embeddable":true,"href":"https:\/\/lebenshilfe-stormarn.de\/HomepageII\/wp-json\/wp\/v2\/users\/1"}],"replies":[{"embeddable":true,"href":"https:\/\/lebenshilfe-stormarn.de\/HomepageII\/wp-json\/wp\/v2\/comments?post=389"}],"version-history":[{"count":10,"href":"https:\/\/lebenshilfe-stormarn.de\/HomepageII\/wp-json\/wp\/v2\/pages\/389\/revisions"}],"predecessor-version":[{"id":1192,"href":"https:\/\/lebenshilfe-stormarn.de\/HomepageII\/wp-json\/wp\/v2\/pages\/389\/revisions\/1192"}],"up":[{"embeddable":true,"href":"https:\/\/lebenshilfe-stormarn.de\/HomepageII\/wp-json\/wp\/v2\/pages\/383"}],"wp:attachment":[{"href":"https:\/\/lebenshilfe-stormarn.de\/HomepageII\/wp-json\/wp\/v2\/media?parent=389"}],"curies":[{"name":"wp","href":"https:\/\/api.w.org\/{rel}","templated":true}]}}