{"id":400,"date":"2024-11-18T11:58:02","date_gmt":"2024-11-18T10:58:02","guid":{"rendered":"https:\/\/lebenshilfe-stormarn.de\/HomepageII\/?page_id=400"},"modified":"2025-08-19T12:44:11","modified_gmt":"2025-08-19T10:44:11","slug":"fuer-erwachsene","status":"publish","type":"page","link":"https:\/\/lebenshilfe-stormarn.de\/HomepageII\/wohnen\/fuer-erwachsene\/","title":{"rendered":"F\u00fcr Erwachsene"},"content":{"rendered":"<div class=\"fusion-fullwidth fullwidth-box fusion-builder-row-1 fusion-flex-container has-pattern-background has-mask-background nonhundred-percent-fullwidth non-hundred-percent-height-scrolling\" style=\"--awb-border-radius-top-left:0px;--awb-border-radius-top-right:0px;--awb-border-radius-bottom-right:0px;--awb-border-radius-bottom-left:0px;--awb-flex-wrap:wrap;\" ><div class=\"fusion-builder-row fusion-row fusion-flex-align-items-flex-start fusion-flex-content-wrap\" style=\"max-width:1248px;margin-left: calc(-4% \/ 2 );margin-right: calc(-4% \/ 2 );\"><div class=\"fusion-layout-column fusion_builder_column fusion-builder-column-0 fusion_builder_column_1_1 1_1 fusion-flex-column\" style=\"--awb-bg-size:cover;--awb-width-large:100%;--awb-margin-top-large:0px;--awb-spacing-right-large:1.92%;--awb-margin-bottom-large:20px;--awb-spacing-left-large:1.92%;--awb-width-medium:100%;--awb-order-medium:0;--awb-spacing-right-medium:1.92%;--awb-spacing-left-medium:1.92%;--awb-width-small:100%;--awb-order-small:0;--awb-spacing-right-small:1.92%;--awb-spacing-left-small:1.92%;\"><div class=\"fusion-column-wrapper fusion-column-has-shadow fusion-flex-justify-content-flex-start fusion-content-layout-column\"><div class=\"fusion-reading-box-container reading-box-container-1\" style=\"--awb-title-color:var(--awb-color8);--awb-margin-top:0px;--awb-margin-bottom:20px;\"><div class=\"reading-box\" style=\"background-color:var(--awb-color2);border-width:1px;border-color:rgba(226,226,226,0);border-left-width:3px;border-left-color:var(--primary_color);border-style:solid;\"><h2>Ihr Ansprechpartner:<\/h2><div class=\"reading-box-additional fusion-reading-box-additional\">\n<p>Ralf Wende<\/p>\n<p>Tel. 04102 88 58 26<\/p>\n<p><a href=\"mailto:r.wende@lebenshilfe-stormarn.de\">r.wende@lebenshilfe-stormarn.de<\/a><\/p>\n<\/div><div class=\"fusion-clearfix\"><\/div><\/div><\/div><div class=\"fusion-text fusion-text-1\"><p>Die Lebenshilfe Stormarn e.V. bietet im Rahmen der Eingliederungshilfe besondere Wohnformen im Sinne des Neunten Sozialgesetzbuches (SGB IX) f\u00fcr erwachsene Menschen mit geistiger Behinderung an. In sieben Wohngruppen an verschiedenen Standorten im Kreis Stormarn (Ahrensburg, Delingsdorf, Bargfeld-Stegen und L\u00fctjensee) leben aktuell rund 70 Menschen mit unterschiedlichem Assistenzbedarf in Wohngemeinschaften zusammen.<\/p>\n<p>Ziel der Arbeit ist, dass sich jede Bewohnerin und jeder Bewohner im Wohnhaus \u201ezu Hause\u201c f\u00fchlt und gr\u00f6\u00dftm\u00f6gliche Teilhabe am gesellschaftlichen Leben erf\u00e4hrt. Die Wohngruppen sind in Wohngebieten integriert und erm\u00f6glichen so ein selbstverst\u00e4ndliches Leben in der Gemeinde. Multiprofessionelle Teams unterst\u00fctzen die Bewohner*innen personenzentriert im Alltag, bei der Gestaltung ihrer Freizeit und in ihrer pers\u00f6nlichen Entwicklung. Neben individueller Assistenz geh\u00f6ren auch Freizeit- und Bildungsangebote zum Konzept. Regelm\u00e4\u00dfige Fortbildungen und Teambesprechungen sichern die Qualit\u00e4t der Unterst\u00fctzung. So entsteht ein sicheres und f\u00f6rderndes Umfeld, das ein m\u00f6glichst selbstbestimmtes Leben erm\u00f6glicht.<\/p>\n<p><a href=\"https:\/\/lebenshilfe-stormarn.de\/HomepageII\/wp-content\/uploads\/2025\/03\/Flyer-Wohngruppen.pdf\">Flyer Wohngruppen<\/a><\/p>\n<h2 class=\"wp-block-heading fusion-responsive-typography-calculated\" data-fontsize=\"21\" data-lineheight=\"31.5px\">Ahrensburg<\/h2>\n<p><a href=\"https:\/\/lebenshilfe-stormarn.de\/HomepageII\/wohnen\/fuer-erwachsene\/wohngruppe-wulfsdorf\/\">Wohngruppe Wulfsdorf<br \/>\n<\/a><a href=\"https:\/\/lebenshilfe-stormarn.de\/HomepageII\/wohnen\/fuer-erwachsene\/wohngruppe-hagen\/\">Wohngruppe Hagen<\/a><\/p>\n<h2 class=\"wp-block-heading fusion-responsive-typography-calculated\" data-fontsize=\"21\" data-lineheight=\"31.5px\">Delingsdorf<\/h2>\n<p><a href=\"https:\/\/lebenshilfe-stormarn.de\/HomepageII\/wohnen\/fuer-erwachsene\/wohngruppe-op-de-barg-i\/\">Wohngruppe \u201eOp de Barg I\u201c<br \/>\n<\/a><a href=\"https:\/\/lebenshilfe-stormarn.de\/HomepageII\/wohnen\/fuer-erwachsene\/wohngruppe-op-de-barg-ii\/\">Wohngruppe \u201eOp de Barg II\u201c<\/a><\/p>\n<h2 class=\"wp-block-heading fusion-responsive-typography-calculated\" data-fontsize=\"21\" data-lineheight=\"31.5px\">Bargfeld-Stegen<\/h2>\n<p><a href=\"https:\/\/lebenshilfe-stormarn.de\/HomepageII\/wohnen\/fuer-erwachsene\/wohngruppe-fliederhof-i\/\">Wohngruppe \u201eFliederhof I\u201c<br \/>\n<\/a><a href=\"https:\/\/lebenshilfe-stormarn.de\/HomepageII\/wohnen\/fuer-erwachsene\/wohngruppe-fliederhof-ii\/\">Wohngruppe \u201eFliederhof II\u201c<\/a><\/p>\n<h2 class=\"wp-block-heading fusion-responsive-typography-calculated\" data-fontsize=\"21\" data-lineheight=\"31.5px\">L\u00fctjensee<\/h2>\n<p><a href=\"https:\/\/lebenshilfe-stormarn.de\/HomepageII\/wohnen\/fuer-erwachsene\/wohngruppe-heideweg\/\">Wohngruppe Heideweg<\/a><\/p>\n<\/div><\/div><\/div><\/div><\/div>\n","protected":false},"excerpt":{"rendered":"","protected":false},"author":1,"featured_media":0,"parent":398,"menu_order":0,"comment_status":"closed","ping_status":"closed","template":"100-width.php","meta":{"footnotes":""},"class_list":["post-400","page","type-page","status-publish","hentry"],"_links":{"self":[{"href":"https:\/\/lebenshilfe-stormarn.de\/HomepageII\/wp-json\/wp\/v2\/pages\/400","targetHints":{"allow":["GET"]}}],"collection":[{"href":"https:\/\/lebenshilfe-stormarn.de\/HomepageII\/wp-json\/wp\/v2\/pages"}],"about":[{"href":"https:\/\/lebenshilfe-stormarn.de\/HomepageII\/wp-json\/wp\/v2\/types\/page"}],"author":[{"embeddable":true,"href":"https:\/\/lebenshilfe-stormarn.de\/HomepageII\/wp-json\/wp\/v2\/users\/1"}],"replies":[{"embeddable":true,"href":"https:\/\/lebenshilfe-stormarn.de\/HomepageII\/wp-json\/wp\/v2\/comments?post=400"}],"version-history":[{"count":14,"href":"https:\/\/lebenshilfe-stormarn.de\/HomepageII\/wp-json\/wp\/v2\/pages\/400\/revisions"}],"predecessor-version":[{"id":1173,"href":"https:\/\/lebenshilfe-stormarn.de\/HomepageII\/wp-json\/wp\/v2\/pages\/400\/revisions\/1173"}],"up":[{"embeddable":true,"href":"https:\/\/lebenshilfe-stormarn.de\/HomepageII\/wp-json\/wp\/v2\/pages\/398"}],"wp:attachment":[{"href":"https:\/\/lebenshilfe-stormarn.de\/HomepageII\/wp-json\/wp\/v2\/media?parent=400"}],"curies":[{"name":"wp","href":"https:\/\/api.w.org\/{rel}","templated":true}]}}