{"id":402,"date":"2024-11-18T11:58:26","date_gmt":"2024-11-18T10:58:26","guid":{"rendered":"https:\/\/lebenshilfe-stormarn.de\/HomepageII\/?page_id=402"},"modified":"2025-10-07T11:49:57","modified_gmt":"2025-10-07T09:49:57","slug":"fuer-kinder-und-jugendliche","status":"publish","type":"page","link":"https:\/\/lebenshilfe-stormarn.de\/HomepageII\/wohnen\/fuer-kinder-und-jugendliche\/","title":{"rendered":"F\u00fcr Kinder und Jugendliche"},"content":{"rendered":"<div class=\"fusion-fullwidth fullwidth-box fusion-builder-row-1 fusion-flex-container has-pattern-background has-mask-background nonhundred-percent-fullwidth non-hundred-percent-height-scrolling\" style=\"--awb-border-radius-top-left:0px;--awb-border-radius-top-right:0px;--awb-border-radius-bottom-right:0px;--awb-border-radius-bottom-left:0px;--awb-flex-wrap:wrap;\" ><div class=\"fusion-builder-row fusion-row fusion-flex-align-items-flex-start fusion-flex-content-wrap\" style=\"max-width:1248px;margin-left: calc(-4% \/ 2 );margin-right: calc(-4% \/ 2 );\"><div class=\"fusion-layout-column fusion_builder_column fusion-builder-column-0 fusion_builder_column_1_1 1_1 fusion-flex-column\" style=\"--awb-bg-size:cover;--awb-width-large:100%;--awb-margin-top-large:0px;--awb-spacing-right-large:1.92%;--awb-margin-bottom-large:20px;--awb-spacing-left-large:1.92%;--awb-width-medium:100%;--awb-order-medium:0;--awb-spacing-right-medium:1.92%;--awb-spacing-left-medium:1.92%;--awb-width-small:100%;--awb-order-small:0;--awb-spacing-right-small:1.92%;--awb-spacing-left-small:1.92%;\"><div class=\"fusion-column-wrapper fusion-column-has-shadow fusion-flex-justify-content-flex-start fusion-content-layout-column\"><div class=\"fusion-builder-row fusion-builder-row-inner fusion-row fusion-flex-align-items-flex-start fusion-flex-content-wrap\" style=\"--awb-flex-grow:0;--awb-flex-grow-medium:0;--awb-flex-grow-small:0;--awb-flex-shrink:0;--awb-flex-shrink-medium:0;--awb-flex-shrink-small:0;width:104% !important;max-width:104% !important;margin-left: calc(-4% \/ 2 );margin-right: calc(-4% \/ 2 );\"><div class=\"fusion-layout-column fusion_builder_column_inner fusion-builder-nested-column-0 fusion_builder_column_inner_1_2 1_2 fusion-flex-column\" style=\"--awb-bg-size:cover;--awb-width-large:50%;--awb-margin-top-large:0px;--awb-spacing-right-large:3.84%;--awb-margin-bottom-large:20px;--awb-spacing-left-large:3.84%;--awb-width-medium:50%;--awb-order-medium:0;--awb-spacing-right-medium:3.84%;--awb-spacing-left-medium:3.84%;--awb-width-small:100%;--awb-order-small:0;--awb-spacing-right-small:1.92%;--awb-spacing-left-small:1.92%;\"><div class=\"fusion-column-wrapper fusion-column-has-shadow fusion-flex-justify-content-flex-start fusion-content-layout-column\"><div class=\"fusion-reading-box-container reading-box-container-1\" style=\"--awb-title-color:var(--awb-color8);--awb-margin-top:0px;--awb-margin-bottom:20px;\"><div class=\"reading-box\" style=\"background-color:var(--awb-color2);border-width:1px;border-color:rgba(226,226,226,0);border-left-width:3px;border-left-color:var(--primary_color);border-style:solid;\"><h2>Ihre Ansprechpartnerin Cham\u00e4leonhaus in Siek:<\/h2><div class=\"reading-box-additional fusion-reading-box-additional\">\n<p>Daniela Reimers<\/p>\n<p>Tel. 04107 \/ 850785<\/p>\n<p><a href=\"mailto:wg-chamaeleon@lebenshilfe-stormarn.de\">wg-chamaeleon@lebenshilfe-stormarn.de<\/a><\/p>\n<\/div><div class=\"fusion-clearfix\"><\/div><\/div><\/div><\/div><\/div><div class=\"fusion-layout-column fusion_builder_column_inner fusion-builder-nested-column-1 fusion_builder_column_inner_1_2 1_2 fusion-flex-column\" style=\"--awb-bg-size:cover;--awb-width-large:50%;--awb-margin-top-large:0px;--awb-spacing-right-large:3.84%;--awb-margin-bottom-large:20px;--awb-spacing-left-large:3.84%;--awb-width-medium:50%;--awb-order-medium:0;--awb-spacing-right-medium:3.84%;--awb-spacing-left-medium:3.84%;--awb-width-small:100%;--awb-order-small:0;--awb-spacing-right-small:1.92%;--awb-spacing-left-small:1.92%;\"><div class=\"fusion-column-wrapper fusion-column-has-shadow fusion-flex-justify-content-flex-start fusion-content-layout-column\"><div class=\"fusion-reading-box-container reading-box-container-2\" style=\"--awb-title-color:var(--awb-color8);--awb-margin-top:0px;--awb-margin-bottom:20px;\"><div class=\"reading-box\" style=\"background-color:var(--awb-color2);border-width:1px;border-color:rgba(226,226,226,0);border-left-width:3px;border-left-color:var(--primary_color);border-style:solid;\"><h2>Ihre Ansprechpartnerin Pirolweg in Henstedt-Ulzburg:<\/h2><div class=\"reading-box-additional fusion-reading-box-additional\">\n<p>Nina Sieh<\/p>\n<p>Tel. 04193 \/ 754720<\/p>\n<p><a href=\"mailto:wg-pirolweg@lebenshilfe-stormarn.de\">wg-pirolweg@lebenshilfe-stormarn.de<\/a><\/p>\n<\/div><div class=\"fusion-clearfix\"><\/div><\/div><\/div><\/div><\/div><\/div><div class=\"fusion-text fusion-text-1\"><p>Eltern mit behinderten Kindern und Jugendlichen widmen sich in der Regel mit hohem Engagement der Erziehung und F\u00f6rderung ihrer Kinder. Insbesondere bei Kindern mit zus\u00e4tzlichen Verhaltensauff\u00e4lligkeiten oder sehr schweren Behinderungen ist die gesamte Familie extremen Belastungen ausgesetzt, die zu Krisensituationen und zu einer ung\u00fcnstigen Entwicklung des behinderten Kindes und seiner Geschwister f\u00fchren k\u00f6nnen.<\/p>\n<p>Da ambulante und teilstation\u00e4re Angebote teilweise nicht vorhanden sind oder nicht in ausreichendem Ma\u00dfe zur Verf\u00fcgung stehen, mu\u00df festgestellt werden, dass die Zahl der behinderten Kinder und Jugendlichen, die f\u00fcr ihre positive Entwicklung dringend einen Wohnplatz in einer familien\u00e4hnlich strukturierten Wohngruppe brauchen, deutlich zugenommen hat. Um betroffenen Familien eine Alternative zu weit entfernten Heimen, Gro\u00dfeinrichtungen oder Einrichtungen der Kinder- und Jugendpsychiatrie zu bieten, hat die Lebenshilfe Stormarn erstmals 1998 eine heilp\u00e4dagogische Wohngruppe f\u00fcr Kinder und Jugendliche mit Behinderungen in Siek eingerichtet. Aufgrund des hohen Bedarfs wurden weitere Wohngruppen in Delingsdorf und Henstedt-Ulzburgin Betrieb genommen.<br \/>\nDiese wohnortnahen Wohngruppen bieten jeweils acht Kindern und Jugendlichen im Alter von 3 \u2013 18 Jahren die M\u00f6glichkeit, in einem Haus mit familien\u00e4hnlichen Strukturen zu leben, ohne dass sie den regelm\u00e4\u00dfigen Kontakt zu ihren Eltern und Geschwistern verlieren und den Kindergarten oder die Schule wechseln m\u00fcssen.<br \/>\nDie Kinder leben in gro\u00dfen Zweifamilienh\u00e4usern mit ca. 230 \u2013 250 qm Wohnfl\u00e4che und entsprechendem Au\u00dfengel\u00e4nde. Sie werden vorrangig von p\u00e4dagogischen sowie bei Bedarf von p\u00e4diatrischen Fachkr\u00e4ften betreut. Zus\u00e4tzlich zur intensiven heilp\u00e4dagogischen F\u00f6rderung in der Wohngruppe werden weitere notwendige Therapien wie Krankengymnastik, Sprachtherapie usw. in Anspruch genommen, damit die Kinder die bestm\u00f6gliche Unterst\u00fctzung f\u00fcr ihre gesamte Entwicklung erhalten.<\/p>\n<\/div><\/div><\/div><\/div><\/div>\n","protected":false},"excerpt":{"rendered":"","protected":false},"author":1,"featured_media":0,"parent":398,"menu_order":0,"comment_status":"closed","ping_status":"closed","template":"100-width.php","meta":{"footnotes":""},"class_list":["post-402","page","type-page","status-publish","hentry"],"_links":{"self":[{"href":"https:\/\/lebenshilfe-stormarn.de\/HomepageII\/wp-json\/wp\/v2\/pages\/402","targetHints":{"allow":["GET"]}}],"collection":[{"href":"https:\/\/lebenshilfe-stormarn.de\/HomepageII\/wp-json\/wp\/v2\/pages"}],"about":[{"href":"https:\/\/lebenshilfe-stormarn.de\/HomepageII\/wp-json\/wp\/v2\/types\/page"}],"author":[{"embeddable":true,"href":"https:\/\/lebenshilfe-stormarn.de\/HomepageII\/wp-json\/wp\/v2\/users\/1"}],"replies":[{"embeddable":true,"href":"https:\/\/lebenshilfe-stormarn.de\/HomepageII\/wp-json\/wp\/v2\/comments?post=402"}],"version-history":[{"count":12,"href":"https:\/\/lebenshilfe-stormarn.de\/HomepageII\/wp-json\/wp\/v2\/pages\/402\/revisions"}],"predecessor-version":[{"id":1240,"href":"https:\/\/lebenshilfe-stormarn.de\/HomepageII\/wp-json\/wp\/v2\/pages\/402\/revisions\/1240"}],"up":[{"embeddable":true,"href":"https:\/\/lebenshilfe-stormarn.de\/HomepageII\/wp-json\/wp\/v2\/pages\/398"}],"wp:attachment":[{"href":"https:\/\/lebenshilfe-stormarn.de\/HomepageII\/wp-json\/wp\/v2\/media?parent=402"}],"curies":[{"name":"wp","href":"https:\/\/api.w.org\/{rel}","templated":true}]}}