{"id":404,"date":"2024-11-18T11:59:15","date_gmt":"2024-11-18T10:59:15","guid":{"rendered":"https:\/\/lebenshilfe-stormarn.de\/HomepageII\/?page_id=404"},"modified":"2025-02-10T12:45:22","modified_gmt":"2025-02-10T11:45:22","slug":"ambulant-betreutes-wohnen-abw","status":"publish","type":"page","link":"https:\/\/lebenshilfe-stormarn.de\/HomepageII\/wohnen\/ambulant-betreutes-wohnen-abw\/","title":{"rendered":"Ambulant Betreutes Wohnen (ABW)"},"content":{"rendered":"<div class=\"fusion-fullwidth fullwidth-box fusion-builder-row-1 fusion-flex-container has-pattern-background has-mask-background nonhundred-percent-fullwidth non-hundred-percent-height-scrolling\" style=\"--awb-border-radius-top-left:0px;--awb-border-radius-top-right:0px;--awb-border-radius-bottom-right:0px;--awb-border-radius-bottom-left:0px;--awb-flex-wrap:wrap;\" ><div class=\"fusion-builder-row fusion-row fusion-flex-align-items-flex-start fusion-flex-content-wrap\" style=\"max-width:1248px;margin-left: calc(-4% \/ 2 );margin-right: calc(-4% \/ 2 );\"><div class=\"fusion-layout-column fusion_builder_column fusion-builder-column-0 fusion_builder_column_1_1 1_1 fusion-flex-column\" style=\"--awb-bg-size:cover;--awb-width-large:100%;--awb-margin-top-large:0px;--awb-spacing-right-large:1.92%;--awb-margin-bottom-large:20px;--awb-spacing-left-large:1.92%;--awb-width-medium:100%;--awb-order-medium:0;--awb-spacing-right-medium:1.92%;--awb-spacing-left-medium:1.92%;--awb-width-small:100%;--awb-order-small:0;--awb-spacing-right-small:1.92%;--awb-spacing-left-small:1.92%;\"><div class=\"fusion-column-wrapper fusion-column-has-shadow fusion-flex-justify-content-flex-start fusion-content-layout-column\"><div class=\"fusion-reading-box-container reading-box-container-1\" style=\"--awb-title-color:var(--awb-color8);--awb-margin-top:0px;--awb-margin-bottom:20px;\"><div class=\"reading-box\" style=\"background-color:var(--awb-color2);border-width:1px;border-color:rgba(226,226,226,0);border-left-width:3px;border-left-color:var(--primary_color);border-style:solid;\"><h2>Ihr Ansprechpartner:<\/h2><div class=\"reading-box-additional fusion-reading-box-additional\">\n<p>Alexander Zonker<\/p>\n<p>Tel. 04102 89 75 52<\/p>\n<p><a href=\"mailto:abw@lebenshilfe-stormarn.de\">abw@lebenshilfe-stormarn.de<\/a><\/p>\n<\/div><div class=\"fusion-clearfix\"><\/div><\/div><\/div><div class=\"fusion-text fusion-text-1\"><h2 class=\"wp-block-heading fusion-responsive-typography-calculated\" data-fontsize=\"21\" data-lineheight=\"31.5px\">Wohnen<\/h2>\n<p>Wohnen ist ein Grundbed\u00fcrfnis. Jeder muss die zu ihm passende Wohnsituation w\u00e4hlen k\u00f6nnen.<br \/>\nDie ambulante Betreuung bedeutet ein Leben in der eigenen H\u00e4uslichkeit mit einer externen Betreuung. Unterst\u00fctzung und Beratung wird geleistet, wenn sie gebraucht wird. Grundsatz der Betreuung ist die Hilfe zur Selbsthilfe.<\/p>\n<h2 class=\"wp-block-heading fusion-responsive-typography-calculated\" data-fontsize=\"21\" data-lineheight=\"31.5px\">Personenkreis<\/h2>\n<p>Zielgruppe des Ambulant Betreuten Wohnens sind in der Regel vollj\u00e4hrige Menschen mit einer erheblichen Lernbehinderung, einer k\u00f6rperlichen Behinderung oder einer Mehrfachbehinderung,<br \/>\n\u2013 die in einer eigenen Wohnung alleine oder in selbst gew\u00e4hlter Lebensgemeinschaft\/Partnerschaft leben, also in der Regel \u00fcber einen eigenen Mietvertrag verf\u00fcgen<br \/>\n\u2013 die noch im Elternhaus leben, jedoch einen eigenen Haushalt begr\u00fcnden wollen und zur selbstst\u00e4ndigen Lebensf\u00fchrung ambulanter Hilfen bed\u00fcrfen.<\/p>\n<h2 class=\"wp-block-heading fusion-responsive-typography-calculated\" data-fontsize=\"21\" data-lineheight=\"31.5px\">Inhalte (Beispiele)<\/h2>\n<p>Die Leistungen beinhalten verschiedene Unterst\u00fctzungsangebote und Hilfestellungen. Die konkreten Leistungen richten sich nach dem individuellen Hilfebedarf und werden in einem Teilhabeplan festgelegt.<\/p>\n<p>Die Unterst\u00fctzungsbereiche k\u00f6nnen z.B. wie folgt aussehen:<\/p>\n<ul class=\"wp-block-list\">\n<li>Wohnungssuche und Einrichten der Wohnung<\/li>\n<li>Wahrnehmen von Mieterpflichten<\/li>\n<li>Hilfestellungen bei Beh\u00f6rdenangelegenheiten<\/li>\n<li>Hilfe bei der Haushaltsf\u00fchrung<\/li>\n<li>Unterst\u00fctzung im praktischen Umgang mit Geld<\/li>\n<li>Kennenlernen von Freizeitaktivit\u00e4ten<\/li>\n<li>Erkennen von Gef\u00e4hrdung in Alltagssituationen<\/li>\n<li>Unterst\u00fctzung und Gespr\u00e4che in Krisensituationen<\/li>\n<li>Begleitung bei der Zukunftsplanung<\/li>\n<\/ul>\n<h2 class=\"wp-block-heading fusion-responsive-typography-calculated\" data-fontsize=\"21\" data-lineheight=\"31.5px\">Mitarbeiter<\/h2>\n<p>Der Bereich ABW wird von einer Fachkraft geleitet. Sie stellt f\u00fcr den Dienst die Fachaufsicht und die fachliche Qualit\u00e4t sicher.<\/p>\n<p>Das Team f\u00fcr das Ambulant Betreute Wohnen besteht aus Dipl.-Sozialp\u00e4dagogen, Erziehern, Heilerziehern und Krankenschwestern. Je nach Hilfebedarf sind p\u00e4dagogische Fachkr\u00e4fte, aber auch Fachkr\u00e4fte aus dem medizinischen und pflegerischen Bereich t\u00e4tig.<\/p>\n<p><a href=\"https:\/\/lebenshilfe-stormarn.de\/HomepageII\/wp-content\/uploads\/2024\/12\/lebenshilfe-stormarn-ambulant-betreutes-wohnen-abw.pdf\">Flyer<\/a><\/p>\n<\/div><\/div><\/div><\/div><\/div>\n","protected":false},"excerpt":{"rendered":"","protected":false},"author":1,"featured_media":0,"parent":398,"menu_order":0,"comment_status":"closed","ping_status":"closed","template":"100-width.php","meta":{"footnotes":""},"class_list":["post-404","page","type-page","status-publish","hentry"],"_links":{"self":[{"href":"https:\/\/lebenshilfe-stormarn.de\/HomepageII\/wp-json\/wp\/v2\/pages\/404","targetHints":{"allow":["GET"]}}],"collection":[{"href":"https:\/\/lebenshilfe-stormarn.de\/HomepageII\/wp-json\/wp\/v2\/pages"}],"about":[{"href":"https:\/\/lebenshilfe-stormarn.de\/HomepageII\/wp-json\/wp\/v2\/types\/page"}],"author":[{"embeddable":true,"href":"https:\/\/lebenshilfe-stormarn.de\/HomepageII\/wp-json\/wp\/v2\/users\/1"}],"replies":[{"embeddable":true,"href":"https:\/\/lebenshilfe-stormarn.de\/HomepageII\/wp-json\/wp\/v2\/comments?post=404"}],"version-history":[{"count":9,"href":"https:\/\/lebenshilfe-stormarn.de\/HomepageII\/wp-json\/wp\/v2\/pages\/404\/revisions"}],"predecessor-version":[{"id":815,"href":"https:\/\/lebenshilfe-stormarn.de\/HomepageII\/wp-json\/wp\/v2\/pages\/404\/revisions\/815"}],"up":[{"embeddable":true,"href":"https:\/\/lebenshilfe-stormarn.de\/HomepageII\/wp-json\/wp\/v2\/pages\/398"}],"wp:attachment":[{"href":"https:\/\/lebenshilfe-stormarn.de\/HomepageII\/wp-json\/wp\/v2\/media?parent=404"}],"curies":[{"name":"wp","href":"https:\/\/api.w.org\/{rel}","templated":true}]}}