{"id":416,"date":"2024-11-18T12:04:20","date_gmt":"2024-11-18T11:04:20","guid":{"rendered":"https:\/\/lebenshilfe-stormarn.de\/HomepageII\/?page_id=416"},"modified":"2025-09-01T11:23:26","modified_gmt":"2025-09-01T09:23:26","slug":"kontakt","status":"publish","type":"page","link":"https:\/\/lebenshilfe-stormarn.de\/HomepageII\/kita\/kontakt\/","title":{"rendered":"Kontakt"},"content":{"rendered":"<div class=\"fusion-fullwidth fullwidth-box fusion-builder-row-1 fusion-flex-container has-pattern-background has-mask-background nonhundred-percent-fullwidth non-hundred-percent-height-scrolling\" style=\"--awb-border-radius-top-left:0px;--awb-border-radius-top-right:0px;--awb-border-radius-bottom-right:0px;--awb-border-radius-bottom-left:0px;--awb-flex-wrap:wrap;\" ><div class=\"fusion-builder-row fusion-row fusion-flex-align-items-flex-start fusion-flex-content-wrap\" style=\"max-width:1248px;margin-left: calc(-4% \/ 2 );margin-right: calc(-4% \/ 2 );\"><div class=\"fusion-layout-column fusion_builder_column fusion-builder-column-0 fusion_builder_column_1_1 1_1 fusion-flex-column\" style=\"--awb-bg-size:cover;--awb-width-large:100%;--awb-margin-top-large:0px;--awb-spacing-right-large:1.92%;--awb-margin-bottom-large:20px;--awb-spacing-left-large:1.92%;--awb-width-medium:100%;--awb-order-medium:0;--awb-spacing-right-medium:1.92%;--awb-spacing-left-medium:1.92%;--awb-width-small:100%;--awb-order-small:0;--awb-spacing-right-small:1.92%;--awb-spacing-left-small:1.92%;\"><div class=\"fusion-column-wrapper fusion-column-has-shadow fusion-flex-justify-content-flex-start fusion-content-layout-column\"><div class=\"fusion-reading-box-container reading-box-container-1\" style=\"--awb-title-color:var(--awb-color8);--awb-margin-top:0px;--awb-margin-bottom:20px;\"><div class=\"reading-box\" style=\"background-color:var(--awb-color2);border-width:1px;border-color:rgba(226,226,226,0);border-left-width:3px;border-left-color:var(--primary_color);border-style:solid;\"><h2>Ihre Ansprechpartnerin:<\/h2><div class=\"reading-box-additional fusion-reading-box-additional\">\n<p>Isabel Avci<\/p>\n<p>Tel. 04102 88 58 30<\/p>\n<p><a href=\"mailto:i.avci@lebenshilfe-stormarn.de\">i.avci@lebenshilfe-stormarn.de<\/a><\/p>\n<\/div><div class=\"fusion-clearfix\"><\/div><\/div><\/div><div class=\"fusion-text fusion-text-1\"><div class=\"fusion-widget-area awb-widget-area-element fusion-widget-area-2 fusion-content-widget-area\">\n<div id=\"text-26\" class=\"widget widget_text\">\n<div class=\"heading\">\n<h4 class=\"widget-title fusion-responsive-typography-calculated\" data-fontsize=\"18\" data-lineheight=\"27px\">Kontakt Integrations-Kindertagesst\u00e4tte B\u00e4renh\u00f6hle<\/h4>\n<\/div>\n<div class=\"textwidget\">\n<p>Heike Lindner<\/p>\n<p>Berliner Stra\u00dfe 5<br \/>\n21465 Reinbek<\/p>\n<p>Tel. 040 72 20 02 5<br \/>\nFax 040 72 81 13 92<\/p>\n<p><a href=\"mailto:kita-baerenhoehle@lebenshilfe-stormarn.de\">kita-baerenhoehle@lebenshilfe-stormarn.de<\/a><\/p>\n<\/div>\n<\/div>\n<div class=\"fusion-additional-widget-content\"><\/div>\n<\/div>\n<div class=\"fusion-widget-area awb-widget-area-element fusion-widget-area-3 fusion-content-widget-area\">\n<div id=\"text-27\" class=\"widget widget_text\">\n<div class=\"heading\">\n<h4 class=\"widget-title fusion-responsive-typography-calculated\" data-fontsize=\"18\" data-lineheight=\"27px\">Kontakt Kindertagesst\u00e4tte Beste Freunde<\/h4>\n<\/div>\n<div class=\"textwidget\">\n<p>Kerstin J\u00f6ring<\/p>\n<p>Kortenkamp 14<br \/>\n22927 Gro\u00dfhansdorf<\/p>\n<p>Tel. 04102 4 73 89 99<br \/>\nFax 04102 4 73 89 98<\/p>\n<p><a href=\"mailto:kita-beste-freunde@lebenshilfe-stormarn.de\">kita-beste-freunde@lebenshilfe-stormarn.de<\/a><\/p>\n<\/div>\n<\/div>\n<div class=\"fusion-additional-widget-content\"><\/div>\n<\/div>\n<div class=\"fusion-widget-area awb-widget-area-element fusion-widget-area-4 fusion-content-widget-area\">\n<div id=\"text-36\" class=\"widget widget_text\">\n<div class=\"heading\">\n<h4 class=\"widget-title fusion-responsive-typography-calculated\" data-fontsize=\"18\" data-lineheight=\"27px\">Kontakt Kindertagesst\u00e4tte Bille Bande<\/h4>\n<\/div>\n<div class=\"textwidget\">\n<p>Svenja Aagard<\/p>\n<p>Hebbelstra\u00dfe 8<br \/>\n22946 Trittau<\/p>\n<p>Tel. 04154 9 99 20 48<br \/>\nFax 04154 9 99 24 57<\/p>\n<p><a href=\"mailto:kita-bille-bande@lebenshilfe-stormarn.de\">kita-bille-bande@lebenshilfe-stormarn.de<\/a><\/p>\n<\/div>\n<\/div>\n<div class=\"fusion-additional-widget-content\"><\/div>\n<\/div>\n<div class=\"fusion-widget-area awb-widget-area-element fusion-widget-area-5 fusion-content-widget-area\">\n<div id=\"text-28\" class=\"widget widget_text\">\n<div class=\"heading\">\n<h4 class=\"widget-title fusion-responsive-typography-calculated\" data-fontsize=\"18\" data-lineheight=\"27px\">Kontakt Integrations-Kindertagesst\u00e4tte Brummkreisel<\/h4>\n<\/div>\n<div class=\"textwidget\">\n<p>Anja Jahn-Rosenburg<\/p>\n<p>Konrad-Adenauer-Ring 1c<br \/>\n23843 Bad Oldesloe<\/p>\n<p>Tel. 04531 47 72<br \/>\nFax 04531 8 00 49 62<\/p>\n<p><a href=\"mailto:kita-brummkreisel@lebenshilfe-stormarn.de\">kita-brummkreisel@lebenshilfe-stormarn.de<\/a><\/p>\n<\/div>\n<\/div>\n<div class=\"fusion-additional-widget-content\"><\/div>\n<\/div>\n<div class=\"fusion-widget-area awb-widget-area-element fusion-widget-area-6 fusion-content-widget-area\">\n<div id=\"text-33\" class=\"widget widget_text\">\n<div class=\"heading\">\n<h4 class=\"widget-title fusion-responsive-typography-calculated\" data-fontsize=\"18\" data-lineheight=\"27px\">Kontakt Kindertagesst\u00e4tte Gl\u00fchw\u00fcrmchen<\/h4>\n<\/div>\n<div class=\"textwidget\">\n<p>Nadja Minou Amiri<\/p>\n<p>Ahrensfelder Weg 3<br \/>\n22926 Ahrensburg<\/p>\n<p>Tel. 04102 45 83 88 5<\/p>\n<p><a href=\"mailto:kita-gluehwuermchen@lebenshilfe-stormarn.de\">kita-gluehwuermchen@lebenshilfe-stormarn.de<\/a><\/p>\n<\/div>\n<\/div>\n<\/div>\n<div class=\"fusion-additional-widget-content\"><\/div>\n<div class=\"fusion-widget-area awb-widget-area-element fusion-widget-area-8 fusion-content-widget-area\">\n<div id=\"text-29\" class=\"widget widget_text\">\n<div class=\"heading\">\n<h4 class=\"widget-title fusion-responsive-typography-calculated\" data-fontsize=\"18\" data-lineheight=\"27px\">Kontakt Integrations-Kindertagesst\u00e4tte M\u00fcllerwiese<\/h4>\n<\/div>\n<div class=\"textwidget\">\n<p>Antje Romanowski<\/p>\n<p>Alter Garten 27<br \/>\n23858 Reinfeld<\/p>\n<p>Tel. 04533 79 12 90<br \/>\nFax 04533 79 12 96<\/p>\n<p><a href=\"mailto:kita-muellerwiese@lebenshilfe-stormarn.de\">kita-muellerwiese@lebenshilfe-stormarn.de<\/a><\/p>\n<\/div>\n<\/div>\n<div class=\"fusion-additional-widget-content\"><\/div>\n<\/div>\n<div class=\"fusion-widget-area awb-widget-area-element fusion-widget-area-9 fusion-content-widget-area\">\n<div id=\"text-30\" class=\"widget widget_text\">\n<div class=\"heading\">\n<h4 class=\"widget-title fusion-responsive-typography-calculated\" data-fontsize=\"18\" data-lineheight=\"27px\">Kontakt Integrations-Kindertagesst\u00e4tte Regenbogenhaus<\/h4>\n<\/div>\n<div class=\"textwidget\">\n<p>Matthias Bossert<\/p>\n<p>Lohkoppel 3-5<br \/>\n22926 Ahrensburg<\/p>\n<p>Tel. 04102 89 75 40<br \/>\nFax 04102 89 75 30<\/p>\n<p><a href=\"mailto:kita-regenbogenhaus@lebenshilfe-stormarn.de\">kita-regenbogenhaus@lebenshilfe-stormarn.de<\/a><\/p>\n<\/div>\n<\/div>\n<div class=\"fusion-additional-widget-content\"><\/div>\n<\/div>\n<div class=\"fusion-widget-area awb-widget-area-element fusion-widget-area-10 fusion-content-widget-area\">\n<div id=\"text-31\" class=\"widget widget_text\">\n<div class=\"heading\">\n<h4 class=\"widget-title fusion-responsive-typography-calculated\" data-fontsize=\"18\" data-lineheight=\"27px\">Kontakt Kindertagesst\u00e4tte Wurzelkinder<\/h4>\n<\/div>\n<div class=\"textwidget\">\n<p>Blanka Salomon<\/p>\n<p>Eichenweg 4<br \/>\n23858 Reinfeld<\/p>\n<p>Tel. 04533 20 70 08 0<br \/>\nFax 04533 20 70 08 18<\/p>\n<p><a href=\"mailto:kita-wurzelkinder@lebenshilfe-stormarn.de\">kita-wurzelkinder@lebenshilfe-stormarn.de<\/a><\/p>\n<\/div>\n<\/div>\n<div class=\"fusion-additional-widget-content\"><\/div>\n<\/div>\n<div class=\"fusion-widget-area awb-widget-area-element fusion-widget-area-11 fusion-content-widget-area\">\n<div id=\"text-32\" class=\"widget widget_text\">\n<div class=\"heading\">\n<h4 class=\"widget-title fusion-responsive-typography-calculated\" data-fontsize=\"18\" data-lineheight=\"27px\">Kontakt Integrations-Kindertagesst\u00e4tte Zauberredder<\/h4>\n<\/div>\n<div class=\"textwidget\">\n<p>Kira Kaden<\/p>\n<p>Ahrensburger Kamp 5<br \/>\n22926 Ahrensburg<\/p>\n<p>Tel. 04102 69 54 14<br \/>\nFax 04102 66 64 78<\/p>\n<p><a href=\"mailto:kita-zauberredder@lebenshilfe-stormarn.de\">kita-zauberredder@lebenshilfe-stormarn.de<\/a><\/p>\n<\/div>\n<\/div>\n<\/div>\n<\/div><\/div><\/div><\/div><\/div>\n","protected":false},"excerpt":{"rendered":"","protected":false},"author":1,"featured_media":0,"parent":410,"menu_order":0,"comment_status":"closed","ping_status":"closed","template":"100-width.php","meta":{"footnotes":""},"class_list":["post-416","page","type-page","status-publish","hentry"],"_links":{"self":[{"href":"https:\/\/lebenshilfe-stormarn.de\/HomepageII\/wp-json\/wp\/v2\/pages\/416","targetHints":{"allow":["GET"]}}],"collection":[{"href":"https:\/\/lebenshilfe-stormarn.de\/HomepageII\/wp-json\/wp\/v2\/pages"}],"about":[{"href":"https:\/\/lebenshilfe-stormarn.de\/HomepageII\/wp-json\/wp\/v2\/types\/page"}],"author":[{"embeddable":true,"href":"https:\/\/lebenshilfe-stormarn.de\/HomepageII\/wp-json\/wp\/v2\/users\/1"}],"replies":[{"embeddable":true,"href":"https:\/\/lebenshilfe-stormarn.de\/HomepageII\/wp-json\/wp\/v2\/comments?post=416"}],"version-history":[{"count":7,"href":"https:\/\/lebenshilfe-stormarn.de\/HomepageII\/wp-json\/wp\/v2\/pages\/416\/revisions"}],"predecessor-version":[{"id":1194,"href":"https:\/\/lebenshilfe-stormarn.de\/HomepageII\/wp-json\/wp\/v2\/pages\/416\/revisions\/1194"}],"up":[{"embeddable":true,"href":"https:\/\/lebenshilfe-stormarn.de\/HomepageII\/wp-json\/wp\/v2\/pages\/410"}],"wp:attachment":[{"href":"https:\/\/lebenshilfe-stormarn.de\/HomepageII\/wp-json\/wp\/v2\/media?parent=416"}],"curies":[{"name":"wp","href":"https:\/\/api.w.org\/{rel}","templated":true}]}}