{"id":418,"date":"2024-11-18T12:05:12","date_gmt":"2024-11-18T11:05:12","guid":{"rendered":"https:\/\/lebenshilfe-stormarn.de\/HomepageII\/?page_id=418"},"modified":"2026-03-13T11:47:53","modified_gmt":"2026-03-13T10:47:53","slug":"landesprogramm-sprach-kitas","status":"publish","type":"page","link":"https:\/\/lebenshilfe-stormarn.de\/HomepageII\/kita\/landesprogramm-sprach-kitas\/","title":{"rendered":"Landesprogramm Sprach-Kitas"},"content":{"rendered":"<div class=\"fusion-fullwidth fullwidth-box fusion-builder-row-1 fusion-flex-container has-pattern-background has-mask-background nonhundred-percent-fullwidth non-hundred-percent-height-scrolling\" style=\"--awb-border-radius-top-left:0px;--awb-border-radius-top-right:0px;--awb-border-radius-bottom-right:0px;--awb-border-radius-bottom-left:0px;--awb-flex-wrap:wrap;\" ><div class=\"fusion-builder-row fusion-row fusion-flex-align-items-flex-start fusion-flex-content-wrap\" style=\"max-width:1248px;margin-left: calc(-4% \/ 2 );margin-right: calc(-4% \/ 2 );\"><div class=\"fusion-layout-column fusion_builder_column fusion-builder-column-0 fusion_builder_column_1_1 1_1 fusion-flex-column\" style=\"--awb-bg-size:cover;--awb-width-large:100%;--awb-margin-top-large:0px;--awb-spacing-right-large:1.92%;--awb-margin-bottom-large:20px;--awb-spacing-left-large:1.92%;--awb-width-medium:100%;--awb-order-medium:0;--awb-spacing-right-medium:1.92%;--awb-spacing-left-medium:1.92%;--awb-width-small:100%;--awb-order-small:0;--awb-spacing-right-small:1.92%;--awb-spacing-left-small:1.92%;\"><div class=\"fusion-column-wrapper fusion-column-has-shadow fusion-flex-justify-content-flex-start fusion-content-layout-column\"><div class=\"fusion-reading-box-container reading-box-container-1\" style=\"--awb-title-color:var(--awb-color8);--awb-margin-top:0px;--awb-margin-bottom:20px;\"><div class=\"reading-box\" style=\"background-color:var(--awb-color2);border-width:1px;border-color:rgba(226,226,226,0);border-left-width:3px;border-left-color:var(--primary_color);border-style:solid;\"><h2>Ihre Ansprechpartnerin:<\/h2><div class=\"reading-box-additional fusion-reading-box-additional\">\n<p>Verbund 13 und 14<\/p>\n<p>Uta Scharmacher<\/p>\n<p>Tel. 04102 88 58 0<br \/>\n0151 64 84 43 15<\/p>\n<p><a href=\"mailto:u.scharmacher@lebenshilfe-stormarn.de\">u.scharmacher@lebenshilfe-stormarn.de<\/a><\/p>\n<\/div><div class=\"fusion-clearfix\"><\/div><\/div><\/div><div class=\"fusion-text fusion-text-1\"><p>Am 01. Juli 2023 startete das Landesprogramm Sprach-Kitas in Schleswig-Holstein.<\/p>\n<p>Landesweit werden 230 Sprach-Kitas mit einer zus\u00e4tzlichen Fachkraftstelle f\u00fcr die sprachliche Bildung mit 19, 5 Stunden w\u00f6chentlich gef\u00f6rdert. Die anerkannten Sprach-Kitas sind in 17 Regionen eingeteilt. Jede dieser Regionen wird von einer zus\u00e4tzlichen Fachberatung Sprach-Kitas betreut, begleitet und beraten. W\u00e4hrend der Programmlaufzeit sind folgenden Schwerpunkte Inhalt der Arbeit der anerkannten Sprach-Kitas:<\/p>\n<ul>\n<li>Die nachhaltige Entwicklung p\u00e4dagogischer Praxis und Qualit\u00e4t im Bereich der sprachlichen Bildung in Kindertageseinrichtungen.<\/li>\n<li>Systematische Verbesserung des sprachlichen Bildungsangebotes in den teilnehmenden Einrichtungen.<\/li>\n<li>Die soziale Vielfalt wertsch\u00e4tzende und die Teilhabe aller Kinder und Familien unterst\u00fctzende Kultur in den Einrichtungen durch eine enge Verzahnung mit den Themen Inklusion und Erziehungspartnerschaft.<\/li>\n<li>Schwerpunktthema Interaktionsqualit\u00e4t<\/li>\n<li>Grazias- Kinderperspektive als Qualit\u00e4tssicherungsstandart f\u00fcr die Interaktionsqualit\u00e4t am Kind<\/li>\n<\/ul>\n<p>Weitere Informationen zum Landesprogramm Sprach-Kitas sind auf der Website des Landes Schleswig-Holsteins zu finden: <a href=\"https:\/\/www.schleswig-holstein.de\/DE\/fachinhalte\/K\/kita\/alltagsintegriertesprachbildung\">www.sprachbildung-sh.de<\/a><\/p>\n<\/div><\/div><\/div><\/div><\/div>\n","protected":false},"excerpt":{"rendered":"","protected":false},"author":1,"featured_media":0,"parent":410,"menu_order":0,"comment_status":"closed","ping_status":"closed","template":"100-width.php","meta":{"footnotes":""},"class_list":["post-418","page","type-page","status-publish","hentry"],"_links":{"self":[{"href":"https:\/\/lebenshilfe-stormarn.de\/HomepageII\/wp-json\/wp\/v2\/pages\/418","targetHints":{"allow":["GET"]}}],"collection":[{"href":"https:\/\/lebenshilfe-stormarn.de\/HomepageII\/wp-json\/wp\/v2\/pages"}],"about":[{"href":"https:\/\/lebenshilfe-stormarn.de\/HomepageII\/wp-json\/wp\/v2\/types\/page"}],"author":[{"embeddable":true,"href":"https:\/\/lebenshilfe-stormarn.de\/HomepageII\/wp-json\/wp\/v2\/users\/1"}],"replies":[{"embeddable":true,"href":"https:\/\/lebenshilfe-stormarn.de\/HomepageII\/wp-json\/wp\/v2\/comments?post=418"}],"version-history":[{"count":6,"href":"https:\/\/lebenshilfe-stormarn.de\/HomepageII\/wp-json\/wp\/v2\/pages\/418\/revisions"}],"predecessor-version":[{"id":1489,"href":"https:\/\/lebenshilfe-stormarn.de\/HomepageII\/wp-json\/wp\/v2\/pages\/418\/revisions\/1489"}],"up":[{"embeddable":true,"href":"https:\/\/lebenshilfe-stormarn.de\/HomepageII\/wp-json\/wp\/v2\/pages\/410"}],"wp:attachment":[{"href":"https:\/\/lebenshilfe-stormarn.de\/HomepageII\/wp-json\/wp\/v2\/media?parent=418"}],"curies":[{"name":"wp","href":"https:\/\/api.w.org\/{rel}","templated":true}]}}