{"id":431,"date":"2024-11-18T12:09:07","date_gmt":"2024-11-18T11:09:07","guid":{"rendered":"https:\/\/lebenshilfe-stormarn.de\/HomepageII\/?page_id=431"},"modified":"2025-02-10T13:40:49","modified_gmt":"2025-02-10T12:40:49","slug":"fruehfoerderung","status":"publish","type":"page","link":"https:\/\/lebenshilfe-stormarn.de\/HomepageII\/fruehfoerderung\/","title":{"rendered":"Fr\u00fchf\u00f6rderung"},"content":{"rendered":"<div class=\"fusion-fullwidth fullwidth-box fusion-builder-row-1 fusion-flex-container has-pattern-background has-mask-background nonhundred-percent-fullwidth non-hundred-percent-height-scrolling\" style=\"--awb-border-radius-top-left:0px;--awb-border-radius-top-right:0px;--awb-border-radius-bottom-right:0px;--awb-border-radius-bottom-left:0px;--awb-flex-wrap:wrap;\" ><div class=\"fusion-builder-row fusion-row fusion-flex-align-items-flex-start fusion-flex-content-wrap\" style=\"max-width:1248px;margin-left: calc(-4% \/ 2 );margin-right: calc(-4% \/ 2 );\"><div class=\"fusion-layout-column fusion_builder_column fusion-builder-column-0 fusion_builder_column_1_1 1_1 fusion-flex-column\" style=\"--awb-bg-size:cover;--awb-width-large:100%;--awb-margin-top-large:0px;--awb-spacing-right-large:1.92%;--awb-margin-bottom-large:20px;--awb-spacing-left-large:1.92%;--awb-width-medium:100%;--awb-order-medium:0;--awb-spacing-right-medium:1.92%;--awb-spacing-left-medium:1.92%;--awb-width-small:100%;--awb-order-small:0;--awb-spacing-right-small:1.92%;--awb-spacing-left-small:1.92%;\"><div class=\"fusion-column-wrapper fusion-column-has-shadow fusion-flex-justify-content-flex-start fusion-content-layout-column\"><div class=\"fusion-reading-box-container reading-box-container-1\" style=\"--awb-title-color:var(--awb-color8);--awb-margin-top:0px;--awb-margin-bottom:20px;\"><div class=\"reading-box\" style=\"background-color:var(--awb-color2);border-width:1px;border-color:rgba(226,226,226,0);border-left-width:3px;border-left-color:var(--primary_color);border-style:solid;\"><h2>Ihre Ansprechpartnerin:<\/h2><div class=\"reading-box-additional fusion-reading-box-additional\">\n<p>Annett Horn<\/p>\n<p>Tel. 04102 88 58 61<\/p>\n<p><a href=\"mailto:fruehfoerderung@lebenshilfe-stormarn.de\">fruehfoerderung@lebenshilfe-stormarn.de<\/a><\/p>\n<\/div><div class=\"fusion-clearfix\"><\/div><\/div><\/div><div class=\"fusion-text fusion-text-1\"><h2 class=\"wp-block-heading fusion-responsive-typography-calculated\" data-fontsize=\"21\" data-lineheight=\"31.5px\">F\u00fcr wen ist Fr\u00fchf\u00f6rderung?<\/h2>\n<ul class=\"wp-block-list\">\n<li>Ist ihr Kind im Alter von 0-6 Jahren (bzw. noch nicht in der Schule)?<\/li>\n<li>Hat der Kinderarzt oder haben die Erzieherinnen im Kindergarten Ihnen mitgeteilt, dass sie eine F\u00f6rderung ihres Kindes f\u00fcr sinnvoll halten?<\/li>\n<li>Machen Sie sich Sorgen um die Entwicklung ihres Kindes oder bez\u00fcglich seines Verhaltens?<\/li>\n<li>Ist die Entwicklung ihres Kindes allgemein oder in Teilbereichen, wie z.B. in der Grobmotorik, in der Feinmotorik, in der Sprache, in der Wahrnehmung oder im Sozialverhaltens verz\u00f6gert?<\/li>\n<li>Wurde ihr Kind zu fr\u00fch geboren, leidet es an einer schweren Erkrankung oder wurde bei ihrem Kind eine Behinderung diagnostiziert?<\/li>\n<\/ul>\n<p><strong>Dann sind Sie bei uns richtig!<\/strong><\/p>\n<h2 class=\"wp-block-heading fusion-responsive-typography-calculated\" data-fontsize=\"21\" data-lineheight=\"31.5px\">Was ist Fr\u00fchf\u00f6rderung?<\/h2>\n<ul class=\"wp-block-list\">\n<li>Fr\u00fchf\u00f6rderung ist eine individuelle Entwicklungsbegleitung des Kindes und seiner Familie in seiner Lebenswelt.<\/li>\n<li>In der Fr\u00fchf\u00f6rderung werden die Ressourcen des Kindes entdeckt und Hilfestellungen zu seiner Entfaltung gegeben.<\/li>\n<li>Sie umfasst Spielangebote aus allen Entwicklungsbereichen des Kind, z.B. der Grobmotorik, der Feinmotorik, der Wahrnehmung, der Sprache, des Spiel- und Lernverhaltens und des Sozialverhaltens.<\/li>\n<li>Im Zentrum unserer Arbeit steht der Dialog, das meint sowohl die Signale unseres Gegen\u00fcbers (Kind und Eltern) als auch die Interaktion zu beobachten, wahrzunehmen, zuzulassen und angemessen zu beantworten.<\/li>\n<li>Entwicklungsbesonderheiten des Kindes werden gemeinsam beobachtet und es wird versucht die Hintergr\u00fcnde zu verstehen, um gemeinsam nach L\u00f6sungen zu suchen<\/li>\n<li>Wir bieten Austausch und Beratung \u00fcber die Entwicklung ihres Kindes, seine Bed\u00fcrfnisse und seine Erziehung.<\/li>\n<\/ul>\n<h2 class=\"wp-block-heading fusion-responsive-typography-calculated\" data-fontsize=\"21\" data-lineheight=\"31.5px\">Wo findet Fr\u00fchf\u00f6rderung statt?<\/h2>\n<p>Fr\u00fchf\u00f6rderung findet in der Regel im h\u00e4uslichen Bereich statt.<br \/>\nBei Bedarf kann die Fr\u00fchf\u00f6rderung auch \u2026<br \/>\n\u2013 in den R\u00e4umen der Fr\u00fchf\u00f6rderung stattfinden. Hier stehen zwei Bewegungsr\u00e4ume und ein gro\u00dfer F\u00f6rderraum zur Verf\u00fcgung.<br \/>\n\u2013 im Kindergarten, in der Krippe oder bei der Tagesmutter stattfinden. (Das Einverst\u00e4ndnis der entsprechenden Einrichtung vorausgesetzt)<\/p>\n<h2 class=\"wp-block-heading fusion-responsive-typography-calculated\" data-fontsize=\"21\" data-lineheight=\"31.5px\">Wie bekomme ich Fr\u00fchf\u00f6rderung?<\/h2>\n<ol class=\"wp-block-list\">\n<li>Rufen sie uns am besten an oder schicken sie uns eine Mail. (siehe Kontakt)<\/li>\n<li>Wir verabreden mit ihnen einen Termin bei Ihnen zuhause zum Erstkontakt. In diesem helfen wir Ihnen u.a. bei der Antragstellung beim Kreis-Sozialamt<\/li>\n<li>Bei Kindern ab dem 3. Lebensjahr erfolgt des Weiteren eine Eingangsdiagnostik mit dem Kind.<\/li>\n<li>Die Kosten werden bei festgestelltem Bedarf vom Kreis-Sozialamt \u00fcbernommen und \u00fcber die Eingliederungshilfe nach dem Zw\u00f6lften Sozialgesetzbuch (SGB XII) finanziert.<\/li>\n<\/ol>\n<h2 class=\"wp-block-heading fusion-responsive-typography-calculated\" data-fontsize=\"21\" data-lineheight=\"31.5px\">Wer sind wir?<\/h2>\n<ul class=\"wp-block-list\">\n<li>Wir sind ein Team von Dipl. Sozialp\u00e4dagogInnen, Dipl. Heilp\u00e4dagogInnen, Interdisziplin\u00e4rer Fr\u00fch\u00f6f\u00f6derInnen, Dipl. P\u00e4dagogInnen, Dipl. Rehabilitationsp\u00e4dagogInnen, Elemenatar- und Integrationsp\u00e4dagogen und weiteren Fachkr\u00e4ften.<\/li>\n<li>Viele unserer Mitarbeiterinnen haben Zusatzausbildungen (z.B. in Systemischer Beratung, in Begleitung in der Arbeit am Tonfeld\u00ae nach Heinz Deuser, in hp Montessori-Arbeit, in traumap\u00e4dagogischer Arbeit, in Entwicklungsbegleitung nach Doering, in Kunsttherapie)<\/li>\n<li>Kontinuierliche Fortbildungen sind f\u00fcr uns selbstverst\u00e4ndlich.<\/li>\n<\/ul>\n<h2 class=\"wp-block-heading fusion-responsive-typography-calculated\" data-fontsize=\"21\" data-lineheight=\"31.5px\">Mit wem arbeiten wir zusammen?<\/h2>\n<p>Wir legen gro\u00dfen Wert auf die Zusammenarbeit mit Therapeuten, Kinderg\u00e4rten, Krippen, \u00c4rzten, sozialp\u00e4diatrischen Zentren, Kinderkliniken und Beratungsstellen.<br \/>\nIhr Einverst\u00e4ndnis vorausgesetzt.<\/p>\n<h2 class=\"wp-block-heading fusion-responsive-typography-calculated\" data-fontsize=\"21\" data-lineheight=\"31.5px\">Was bieten wir zus\u00e4tzlich an?<\/h2>\n<ul class=\"wp-block-list\">\n<li>Wassergew\u00f6hnung im Schwimmbad der Woldenhornschule\n<ul class=\"wp-block-list\">\n<li>Mutter und Kind k\u00f6nnen in ruhiger Atmosph\u00e4re gemeinsam das Wasser erleben, begreifen, erfahren und f\u00fchlen.<\/li>\n<li>Der K\u00f6rper wird durch den Wasserwiderstand besser wahrgenommen.<\/li>\n<li>Der Muskeltonus wird reguliert.<\/li>\n<li>Der Wasserdruck trainiert die Atemmuskeln und regt den Blutkreislauf an.<\/li>\n<li>Das Wasser stimuliert die Basissinne und f\u00f6rdert somit au\u00dfer der Grob- und Feinmotorik auch das Sprechen, Sehen, H\u00f6ren und Denken.<\/li>\n<\/ul>\n<\/li>\n<\/ul>\n<p>Die Kosten f\u00fcr die Teilnahme an der Wassergew\u00f6hnung k\u00f6nnen bei entsprechender Bewilligung \u00fcber die Fr\u00fchf\u00f6rderung im Rahmen der Eingliederungshilfe abgerechnet werden.<br \/>\nIst dies nicht m\u00f6glich, so besteht die M\u00f6glichkeit, die Wassergew\u00f6hnung privat zu bezahlen.<\/p>\n<p><a href=\"https:\/\/lebenshilfe-stormarn.de\/HomepageII\/wp-content\/uploads\/2024\/12\/Flyer-Fruehfoerderung.pdf\">Flyer<\/a><\/p>\n<\/div><\/div><\/div><\/div><\/div>\n","protected":false},"excerpt":{"rendered":"","protected":false},"author":1,"featured_media":0,"parent":0,"menu_order":0,"comment_status":"closed","ping_status":"closed","template":"100-width.php","meta":{"footnotes":""},"class_list":["post-431","page","type-page","status-publish","hentry"],"_links":{"self":[{"href":"https:\/\/lebenshilfe-stormarn.de\/HomepageII\/wp-json\/wp\/v2\/pages\/431","targetHints":{"allow":["GET"]}}],"collection":[{"href":"https:\/\/lebenshilfe-stormarn.de\/HomepageII\/wp-json\/wp\/v2\/pages"}],"about":[{"href":"https:\/\/lebenshilfe-stormarn.de\/HomepageII\/wp-json\/wp\/v2\/types\/page"}],"author":[{"embeddable":true,"href":"https:\/\/lebenshilfe-stormarn.de\/HomepageII\/wp-json\/wp\/v2\/users\/1"}],"replies":[{"embeddable":true,"href":"https:\/\/lebenshilfe-stormarn.de\/HomepageII\/wp-json\/wp\/v2\/comments?post=431"}],"version-history":[{"count":8,"href":"https:\/\/lebenshilfe-stormarn.de\/HomepageII\/wp-json\/wp\/v2\/pages\/431\/revisions"}],"predecessor-version":[{"id":820,"href":"https:\/\/lebenshilfe-stormarn.de\/HomepageII\/wp-json\/wp\/v2\/pages\/431\/revisions\/820"}],"wp:attachment":[{"href":"https:\/\/lebenshilfe-stormarn.de\/HomepageII\/wp-json\/wp\/v2\/media?parent=431"}],"curies":[{"name":"wp","href":"https:\/\/api.w.org\/{rel}","templated":true}]}}