{"id":433,"date":"2024-11-18T12:09:43","date_gmt":"2024-11-18T11:09:43","guid":{"rendered":"https:\/\/lebenshilfe-stormarn.de\/HomepageII\/?page_id=433"},"modified":"2025-02-13T11:40:54","modified_gmt":"2025-02-13T10:40:54","slug":"fachdienst-fuer-einzelintegration","status":"publish","type":"page","link":"https:\/\/lebenshilfe-stormarn.de\/HomepageII\/fruehfoerderung\/fachdienst-fuer-einzelintegration\/","title":{"rendered":"Fachdienst f\u00fcr Einzelintegration"},"content":{"rendered":"<div class=\"fusion-fullwidth fullwidth-box fusion-builder-row-1 fusion-flex-container has-pattern-background has-mask-background nonhundred-percent-fullwidth non-hundred-percent-height-scrolling\" style=\"--awb-border-radius-top-left:0px;--awb-border-radius-top-right:0px;--awb-border-radius-bottom-right:0px;--awb-border-radius-bottom-left:0px;--awb-flex-wrap:wrap;\" ><div class=\"fusion-builder-row fusion-row fusion-flex-align-items-flex-start fusion-flex-content-wrap\" style=\"max-width:1248px;margin-left: calc(-4% \/ 2 );margin-right: calc(-4% \/ 2 );\"><div class=\"fusion-layout-column fusion_builder_column fusion-builder-column-0 fusion_builder_column_1_1 1_1 fusion-flex-column\" style=\"--awb-bg-size:cover;--awb-width-large:100%;--awb-margin-top-large:0px;--awb-spacing-right-large:1.92%;--awb-margin-bottom-large:20px;--awb-spacing-left-large:1.92%;--awb-width-medium:100%;--awb-order-medium:0;--awb-spacing-right-medium:1.92%;--awb-spacing-left-medium:1.92%;--awb-width-small:100%;--awb-order-small:0;--awb-spacing-right-small:1.92%;--awb-spacing-left-small:1.92%;\"><div class=\"fusion-column-wrapper fusion-column-has-shadow fusion-flex-justify-content-flex-start fusion-content-layout-column\"><div class=\"fusion-reading-box-container reading-box-container-1\" style=\"--awb-title-color:var(--awb-color8);--awb-margin-top:0px;--awb-margin-bottom:20px;\"><div class=\"reading-box\" style=\"background-color:var(--awb-color2);border-width:1px;border-color:rgba(226,226,226,0);border-left-width:3px;border-left-color:var(--primary_color);border-style:solid;\"><h2>Ihre Ansprechpartnerin:<\/h2><div class=\"reading-box-additional fusion-reading-box-additional\">\n<p>Annett Horn<\/p>\n<p>Tel. 04102 88 58 61<\/p>\n<p><a href=\"mailto:fruehfoerderung@lebenshilfe-stormarn.de\">fruehfoerderung@lebenshilfe-stormarn.de<\/a><\/p>\n<\/div><div class=\"fusion-clearfix\"><\/div><\/div><\/div><div class=\"fusion-text fusion-text-1\"><h2 class=\"wp-block-heading fusion-responsive-typography-calculated\" data-fontsize=\"21\" data-lineheight=\"31.5px\">Wer sind wir<\/h2>\n<p>Wir sind ein Team von heilp\u00e4dagogischen Fachkr\u00e4ften mit verschiedenen Arbeitsschwerpunkten.<br \/>\nWir betreuen Kinder in Regelkinderg\u00e4rten, die:<br \/>\n\u2013 einen erh\u00f6hten F\u00f6rderbedarf haben,<br \/>\n\u2013 entwicklungsverz\u00f6gert,<br \/>\n\u2013 behindert oder von einer Behinderung bedroht sind.<br \/>\nUnser Einsatzgebiet liegt im gesamten Bereich des Kreises Stormarn.<\/p>\n<h2 class=\"wp-block-heading fusion-responsive-typography-calculated\" data-fontsize=\"21\" data-lineheight=\"31.5px\">Kosten<\/h2>\n<p>Die Leistungen werden in der Regel \u00fcber \u00a7\u00a7 53 ff SGB XII Eingliederungshilfe finanziert oder \u00fcber \u00a7 35 a SGB VIII.<\/p>\n<h2 class=\"wp-block-heading fusion-responsive-typography-calculated\" data-fontsize=\"21\" data-lineheight=\"31.5px\">Was ist f\u00fcr uns Integration?<\/h2>\n<ul class=\"wp-block-list\">\n<li>Das Kind ressourcenorientiert zu st\u00e4rken,<\/li>\n<li>es begleiten, unterst\u00fctzen und f\u00f6rdern,<\/li>\n<li>Beziehungs- und Bindungsarbeit erm\u00f6glichen,<\/li>\n<li>Freundschaften kn\u00fcpfen und festigen.<\/li>\n<li>Um dieses zu erm\u00f6glichen, arbeiten wir \u00fcberwiegend in der Gruppe.<\/li>\n<\/ul>\n<h2 class=\"wp-block-heading fusion-responsive-typography-calculated\" data-fontsize=\"21\" data-lineheight=\"31.5px\">Welche Inhalte hat die Integration?<\/h2>\n<ul class=\"wp-block-list\">\n<li>Begleitung und F\u00f6rderung des Kindes innerhalb der Tagesst\u00e4tte \u2013 bei einem Halbtagsplatz f\u00fcr 5 Stunden, bei einem Ganztagesplatz f\u00fcr 7 Stunden in der Woche<\/li>\n<li>Beobachtung des zu integrierenden Kindes in der Einzel-, Klein- oder Gesamtgruppe.<\/li>\n<li>Erstellen von F\u00f6rderpl\u00e4nen und Entwicklungsberichten.<\/li>\n<li>Fachliche Beratung der ErzieherInnen. I Zusammenarbeit mit \u00c4rzten, Therapeuten, F\u00f6rderzentren und Schulen.<\/li>\n<li>Zusammenarbeit mit und Beratung von Eltern.<\/li>\n<\/ul>\n<h2 class=\"wp-block-heading fusion-responsive-typography-calculated\" data-fontsize=\"21\" data-lineheight=\"31.5px\">Allgemeine Erl\u00e4uterungen:<\/h2>\n<ul class=\"wp-block-list\">\n<li>Die MitarbeiterInnen arbeiten \u00fcber- wiegend nach dem situativen Ansatz.<\/li>\n<li>Die F\u00f6rderung setzt an der aktuellen Entwicklung des Kindes an.<\/li>\n<li>Die MitarbeiterInnen f\u00fchren p\u00e4dagogische F\u00f6rderung durch, sie leisten keine Therapie.<\/li>\n<li>Diese Arbeit unterscheidet sich von der Arbeit der Erzieherin \/ des Erziehers dadurch, dass sie speziell auf das zu f\u00f6rdernde Kind zugeschnitten ist.<\/li>\n<\/ul>\n<h2 class=\"wp-block-heading fusion-responsive-typography-calculated\" data-fontsize=\"21\" data-lineheight=\"31.5px\">Ziel:<\/h2>\n<p>Die Teilhabe am Leben in der Gemeinschaft.<\/p>\n<p><a href=\"https:\/\/lebenshilfe-stormarn.de\/HomepageII\/wp-content\/uploads\/2024\/12\/Flyer-Fachdienst-fuer-Einzelintegration.pdf\">Flyer<\/a><\/p>\n<\/div><\/div><\/div><\/div><\/div>\n","protected":false},"excerpt":{"rendered":"","protected":false},"author":1,"featured_media":0,"parent":431,"menu_order":0,"comment_status":"closed","ping_status":"closed","template":"100-width.php","meta":{"footnotes":""},"class_list":["post-433","page","type-page","status-publish","hentry"],"_links":{"self":[{"href":"https:\/\/lebenshilfe-stormarn.de\/HomepageII\/wp-json\/wp\/v2\/pages\/433","targetHints":{"allow":["GET"]}}],"collection":[{"href":"https:\/\/lebenshilfe-stormarn.de\/HomepageII\/wp-json\/wp\/v2\/pages"}],"about":[{"href":"https:\/\/lebenshilfe-stormarn.de\/HomepageII\/wp-json\/wp\/v2\/types\/page"}],"author":[{"embeddable":true,"href":"https:\/\/lebenshilfe-stormarn.de\/HomepageII\/wp-json\/wp\/v2\/users\/1"}],"replies":[{"embeddable":true,"href":"https:\/\/lebenshilfe-stormarn.de\/HomepageII\/wp-json\/wp\/v2\/comments?post=433"}],"version-history":[{"count":8,"href":"https:\/\/lebenshilfe-stormarn.de\/HomepageII\/wp-json\/wp\/v2\/pages\/433\/revisions"}],"predecessor-version":[{"id":850,"href":"https:\/\/lebenshilfe-stormarn.de\/HomepageII\/wp-json\/wp\/v2\/pages\/433\/revisions\/850"}],"up":[{"embeddable":true,"href":"https:\/\/lebenshilfe-stormarn.de\/HomepageII\/wp-json\/wp\/v2\/pages\/431"}],"wp:attachment":[{"href":"https:\/\/lebenshilfe-stormarn.de\/HomepageII\/wp-json\/wp\/v2\/media?parent=433"}],"curies":[{"name":"wp","href":"https:\/\/api.w.org\/{rel}","templated":true}]}}