{"id":437,"date":"2024-11-18T12:33:19","date_gmt":"2024-11-18T11:33:19","guid":{"rendered":"https:\/\/lebenshilfe-stormarn.de\/HomepageII\/?page_id=437"},"modified":"2025-02-10T13:42:05","modified_gmt":"2025-02-10T12:42:05","slug":"ambulanter-dienst","status":"publish","type":"page","link":"https:\/\/lebenshilfe-stormarn.de\/HomepageII\/ambulanter-dienst\/","title":{"rendered":"Ambulanter Dienst"},"content":{"rendered":"<div class=\"fusion-fullwidth fullwidth-box fusion-builder-row-1 fusion-flex-container has-pattern-background has-mask-background nonhundred-percent-fullwidth non-hundred-percent-height-scrolling\" style=\"--awb-border-radius-top-left:0px;--awb-border-radius-top-right:0px;--awb-border-radius-bottom-right:0px;--awb-border-radius-bottom-left:0px;--awb-flex-wrap:wrap;\" ><div class=\"fusion-builder-row fusion-row fusion-flex-align-items-flex-start fusion-flex-content-wrap\" style=\"max-width:1248px;margin-left: calc(-4% \/ 2 );margin-right: calc(-4% \/ 2 );\"><div class=\"fusion-layout-column fusion_builder_column fusion-builder-column-0 fusion_builder_column_1_1 1_1 fusion-flex-column\" style=\"--awb-bg-size:cover;--awb-width-large:100%;--awb-margin-top-large:0px;--awb-spacing-right-large:1.92%;--awb-margin-bottom-large:20px;--awb-spacing-left-large:1.92%;--awb-width-medium:100%;--awb-order-medium:0;--awb-spacing-right-medium:1.92%;--awb-spacing-left-medium:1.92%;--awb-width-small:100%;--awb-order-small:0;--awb-spacing-right-small:1.92%;--awb-spacing-left-small:1.92%;\"><div class=\"fusion-column-wrapper fusion-column-has-shadow fusion-flex-justify-content-flex-start fusion-content-layout-column\"><div class=\"fusion-reading-box-container reading-box-container-1\" style=\"--awb-title-color:var(--awb-color8);--awb-margin-top:0px;--awb-margin-bottom:20px;\"><div class=\"reading-box\" style=\"background-color:var(--awb-color2);border-width:1px;border-color:rgba(226,226,226,0);border-left-width:3px;border-left-color:var(--primary_color);border-style:solid;\"><h2>Ihre Ansprechpartnerin:<\/h2><div class=\"reading-box-additional fusion-reading-box-additional\">\n<p>Almut Gebhardt<\/p>\n<p>Tel. 04102 89 75 50<\/p>\n<p><a href=\"mailto:fed@lebenshilfe-stormarn.de\">fed@lebenshilfe-stormarn.de<\/a><\/p>\n<\/div><div class=\"fusion-clearfix\"><\/div><\/div><\/div><div class=\"fusion-text fusion-text-1\"><h2 class=\"wp-block-heading fusion-responsive-typography-calculated\" data-fontsize=\"21\" data-lineheight=\"31.5px\">Ambulanter Dienst \u2013 was ist das?<\/h2>\n<p>Der Ambulante Dienst ist ein p\u00e4dagogischer und pflegerischer Fachdienst, der verschiedene Hilfen und Unterst\u00fctzungen f\u00fcr Menschen mit Behinderungen und deren Familien umfasst:<\/p>\n<ul class=\"wp-block-list\">\n<li>Familienentlastung (FED)<\/li>\n<li>Heilp\u00e4dagogische Kleingruppen<\/li>\n<li>P\u00e4dagogische Einzelbetreuung<\/li>\n<li>Schulbegleitung<\/li>\n<li>Sozialp\u00e4dagogische Familienhilfe (SPFH)<\/li>\n<li>Ambulant Betreutes Wohnen (ABW)<\/li>\n<li>Beratung, Begleitung, Vermittlung<\/li>\n<li>Ferien- und Wochenendreisen<\/li>\n<li>Pflegedienst<\/li>\n<li>Fu\u00dfballprojekt<\/li>\n<\/ul>\n<p>Die Arbeit des Ambulanten Dienstes ist darauf ausgerichtet, den Menschen mit Behinderungen die Hilfen zu geben, die zur F\u00f6rderung und St\u00e4rkung ihrer Pers\u00f6nlichkeit erforderlich sind.<\/p>\n<h2 class=\"wp-block-heading fusion-responsive-typography-calculated\" data-fontsize=\"21\" data-lineheight=\"31.5px\">Wie geht das?<\/h2>\n<p>Wenn Sie die Angebote des Ambulanten Dienstes in Anspruch nehmen m\u00f6chten und sich informieren wollen, wenden Sie sich gerne telefonisch an uns. In einem pers\u00f6nlichen Gespr\u00e4ch, das je nach Wunsch bei Ihnen zu Hause, in unseren R\u00e4umen oder telefonisch stattfinden kann, besprechen wir in Ruhe Ihr Anliegen.<\/p>\n<p>Finanzierungsgrundlagen f\u00fcr die Angebote sind u.a.<\/p>\n<p>Kostentr\u00e4ger Sozialamt, Jugendamt:<br \/>\n\u00a7\u00a7 53 ff SGB XII und \u00a7 35a SGB VIII (Eingliederungshilfe: Leistungen zur gesellschaftlichen Teilhabe und individuellen F\u00f6rderung),<br \/>\n\u00a7 27 ff SGB VIII (Hilfe zur Erziehung: p\u00e4dagogische Leistungen f\u00fcr Kinder und Jugendliche mit erheblicher seelischer Behinderung)<br \/>\n\u00a7\u00a7 61 \u2013 66 SGB XII (Hilfe zur Pflege)<\/p>\n<p>Kostentr\u00e4ger Pflegekasse:<br \/>\n\u00a7 36 SGB XI (Pflegesachleistung)<br \/>\n\u00a7 39 SGB XI (Verhinderungspflege)<br \/>\n\u00a7 45 a\/b SGB XI (zus\u00e4tzliche Betreuuungsleistungen: allgemeine Betreuung)<\/p>\n<p>Kostentr\u00e4ger Krankenkasse:<br \/>\n\u00a7 37 SGB V (H\u00e4usliche Krankenpflege: medizinische Behandlungspflege zur Vermeidung oder Verk\u00fcrzung eines Krankenhausaufenthalts)<br \/>\n\u00a7 38 SGB V (Haushaltshilfe)<\/p>\n<p>Unfallversicherung<br \/>\nEigenleistung der Eltern<br \/>\nSpenden<br \/>\nu.a.<\/p>\n<p>Bei der Antragsstellung beraten und unterst\u00fctzen wir Sie gerne.<\/p>\n<h2 class=\"wp-block-heading fusion-responsive-typography-calculated\" data-fontsize=\"21\" data-lineheight=\"31.5px\">Mitarbeiter<\/h2>\n<p>Der Ambulante Dienst wird von einer Fachkraft geleitet. Sie stellt f\u00fcr den Dienst die Fachaufsicht und die fachliche Qualit\u00e4t sicher.<\/p>\n<p>Das Team besteht aus p\u00e4dagogischen Fachkr\u00e4ften (Heilerziehungspflegern, Sozialp\u00e4dagogen, Erziehern u.a.), Pflegefachkr\u00e4ften (Krankenschwestern, Kinderkrankenschwestern u.a.), Hilfskr\u00e4ften (Studenten, Auszubildenden, Personen aus anderen Berufsgruppen, u.a.), Zivildienstleistenden, jungen Leuten im Freiwilligen oder Berufsvorbereitenden Sozialen Jahr, Praktikanten.<\/p>\n<p>Die Teams der einzelnen Bereiche setzen sich je nach Bedarf und Anforderungen aus unterschiedlichen Personengruppen zusammen.<\/p>\n<p><a href=\"https:\/\/lebenshilfe-stormarn.de\/HomepageII\/wp-content\/uploads\/2024\/12\/2021.07.28-LEB-Folder-AmbulanterDienst-2.pdf\">Flyer<\/a><\/p>\n<\/div><\/div><\/div><\/div><\/div>\n","protected":false},"excerpt":{"rendered":"","protected":false},"author":1,"featured_media":0,"parent":0,"menu_order":0,"comment_status":"closed","ping_status":"closed","template":"100-width.php","meta":{"footnotes":""},"class_list":["post-437","page","type-page","status-publish","hentry"],"_links":{"self":[{"href":"https:\/\/lebenshilfe-stormarn.de\/HomepageII\/wp-json\/wp\/v2\/pages\/437","targetHints":{"allow":["GET"]}}],"collection":[{"href":"https:\/\/lebenshilfe-stormarn.de\/HomepageII\/wp-json\/wp\/v2\/pages"}],"about":[{"href":"https:\/\/lebenshilfe-stormarn.de\/HomepageII\/wp-json\/wp\/v2\/types\/page"}],"author":[{"embeddable":true,"href":"https:\/\/lebenshilfe-stormarn.de\/HomepageII\/wp-json\/wp\/v2\/users\/1"}],"replies":[{"embeddable":true,"href":"https:\/\/lebenshilfe-stormarn.de\/HomepageII\/wp-json\/wp\/v2\/comments?post=437"}],"version-history":[{"count":6,"href":"https:\/\/lebenshilfe-stormarn.de\/HomepageII\/wp-json\/wp\/v2\/pages\/437\/revisions"}],"predecessor-version":[{"id":822,"href":"https:\/\/lebenshilfe-stormarn.de\/HomepageII\/wp-json\/wp\/v2\/pages\/437\/revisions\/822"}],"wp:attachment":[{"href":"https:\/\/lebenshilfe-stormarn.de\/HomepageII\/wp-json\/wp\/v2\/media?parent=437"}],"curies":[{"name":"wp","href":"https:\/\/api.w.org\/{rel}","templated":true}]}}