{"id":441,"date":"2024-11-18T12:34:24","date_gmt":"2024-11-18T11:34:24","guid":{"rendered":"https:\/\/lebenshilfe-stormarn.de\/HomepageII\/?page_id=441"},"modified":"2025-02-10T13:50:33","modified_gmt":"2025-02-10T12:50:33","slug":"heilpaedagogische-kleingruppen","status":"publish","type":"page","link":"https:\/\/lebenshilfe-stormarn.de\/HomepageII\/ambulanter-dienst\/heilpaedagogische-kleingruppen\/","title":{"rendered":"Heilp\u00e4dagogische Kleingruppen"},"content":{"rendered":"<div class=\"fusion-fullwidth fullwidth-box fusion-builder-row-1 fusion-flex-container has-pattern-background has-mask-background nonhundred-percent-fullwidth non-hundred-percent-height-scrolling\" style=\"--awb-border-radius-top-left:0px;--awb-border-radius-top-right:0px;--awb-border-radius-bottom-right:0px;--awb-border-radius-bottom-left:0px;--awb-flex-wrap:wrap;\" ><div class=\"fusion-builder-row fusion-row fusion-flex-align-items-flex-start fusion-flex-content-wrap\" style=\"max-width:1248px;margin-left: calc(-4% \/ 2 );margin-right: calc(-4% \/ 2 );\"><div class=\"fusion-layout-column fusion_builder_column fusion-builder-column-0 fusion_builder_column_1_1 1_1 fusion-flex-column\" style=\"--awb-bg-size:cover;--awb-width-large:100%;--awb-margin-top-large:0px;--awb-spacing-right-large:1.92%;--awb-margin-bottom-large:20px;--awb-spacing-left-large:1.92%;--awb-width-medium:100%;--awb-order-medium:0;--awb-spacing-right-medium:1.92%;--awb-spacing-left-medium:1.92%;--awb-width-small:100%;--awb-order-small:0;--awb-spacing-right-small:1.92%;--awb-spacing-left-small:1.92%;\"><div class=\"fusion-column-wrapper fusion-column-has-shadow fusion-flex-justify-content-flex-start fusion-content-layout-column\"><div class=\"fusion-reading-box-container reading-box-container-1\" style=\"--awb-title-color:var(--awb-color8);--awb-margin-top:0px;--awb-margin-bottom:20px;\"><div class=\"reading-box\" style=\"background-color:var(--awb-color2);border-width:1px;border-color:rgba(226,226,226,0);border-left-width:3px;border-left-color:var(--primary_color);border-style:solid;\"><h2>Ihre Ansprechpartnerin:<\/h2><div class=\"reading-box-additional fusion-reading-box-additional\">\n<p>Almut Gebhardt<\/p>\n<p>Tel. 04102 89 75 50<\/p>\n<p><a href=\"mailto:fed@lebenshilfe-stormarn.de\">fed@lebenshilfe-stormarn.de<\/a><\/p>\n<\/div><div class=\"fusion-clearfix\"><\/div><\/div><\/div><div class=\"fusion-text fusion-text-1\"><p>Kindern und Jugendlichen mit Behinderungen ist es i.d.R. nicht m\u00f6glich, zu Hause einfach so mit anderen Kindern auf der Stra\u00dfe zu spielen oder zum \u00f6rtlichen Sportverein oder in Jugendgruppen zu gehen. Sie verbringen ihre Freizeit h\u00e4ufig isoliert zu Hause und k\u00f6nnen nicht eigenst\u00e4ndig am Leben in der Gemeinschaft teilnehmen.<\/p>\n<p>In unseren heilp\u00e4dagogischen Kleingruppen an den Nachmittagen treffen sich jeweils 6-10 Kinder und Jugendliche mit unterschiedlichen Behinderungen, um gemeinsam etwas unternehmen, zu spielen, zu kl\u00f6nen, zu basteln, zu backen usw..<br \/>\nF\u00fcr erwachsene Menschen mit Behinderungen gibt es bei der Lebenshilfe Stormarn den Freizeitklub in der \u201eVilla\u201c.<\/p>\n<p>Die Gruppen f\u00fcr Kinder und Jugendliche finden montags bis freitags direkt im Anschluss an die Schule statt. Die Gruppen haben jeweils eine feste Zusammensetzung, so dass sich w\u00f6chentlich die gleichen Freunde treffen.<\/p>\n<p>Es ist uns wichtig, dass niemand wegen Art oder Schwere seiner Behinderung ausgeschlossen ist. Daher bieten wir in den Gruppen eine 1:2 Betreuung.<\/p>\n<h2 class=\"wp-block-heading fusion-responsive-typography-calculated\" data-fontsize=\"21\" data-lineheight=\"31.5px\">Ziele<\/h2>\n<ul class=\"wp-block-list\">\n<li>Soziales Lernen in\/mit der Gruppe<\/li>\n<li>F\u00f6rderung der Kommunikations-, Kontakt- und Konfliktf\u00e4higkeit<\/li>\n<li>Aufbau von Bindungen\/Beziehungen und Pflege der Beziehungen<\/li>\n<li>Akzeptanz von Strukturen, Verhaltens- und Spielregeln<\/li>\n<li>Kennenlernen kultureller Angebote<\/li>\n<li>Entdecken, Entwickeln, Aktivieren von Interessen<\/li>\n<li>F\u00f6rderung der Selbstst\u00e4ndigkeit und des Selbstbewusstseins<\/li>\n<li>Erh\u00f6hung der Mobilit\u00e4t und Belastbarkeit<\/li>\n<li>Teilhabe am Leben in der Gemeinschaft<\/li>\n<li>u.a.<\/li>\n<\/ul>\n<\/div><\/div><\/div><\/div><\/div>\n","protected":false},"excerpt":{"rendered":"","protected":false},"author":1,"featured_media":0,"parent":437,"menu_order":0,"comment_status":"closed","ping_status":"closed","template":"100-width.php","meta":{"footnotes":""},"class_list":["post-441","page","type-page","status-publish","hentry"],"_links":{"self":[{"href":"https:\/\/lebenshilfe-stormarn.de\/HomepageII\/wp-json\/wp\/v2\/pages\/441","targetHints":{"allow":["GET"]}}],"collection":[{"href":"https:\/\/lebenshilfe-stormarn.de\/HomepageII\/wp-json\/wp\/v2\/pages"}],"about":[{"href":"https:\/\/lebenshilfe-stormarn.de\/HomepageII\/wp-json\/wp\/v2\/types\/page"}],"author":[{"embeddable":true,"href":"https:\/\/lebenshilfe-stormarn.de\/HomepageII\/wp-json\/wp\/v2\/users\/1"}],"replies":[{"embeddable":true,"href":"https:\/\/lebenshilfe-stormarn.de\/HomepageII\/wp-json\/wp\/v2\/comments?post=441"}],"version-history":[{"count":5,"href":"https:\/\/lebenshilfe-stormarn.de\/HomepageII\/wp-json\/wp\/v2\/pages\/441\/revisions"}],"predecessor-version":[{"id":824,"href":"https:\/\/lebenshilfe-stormarn.de\/HomepageII\/wp-json\/wp\/v2\/pages\/441\/revisions\/824"}],"up":[{"embeddable":true,"href":"https:\/\/lebenshilfe-stormarn.de\/HomepageII\/wp-json\/wp\/v2\/pages\/437"}],"wp:attachment":[{"href":"https:\/\/lebenshilfe-stormarn.de\/HomepageII\/wp-json\/wp\/v2\/media?parent=441"}],"curies":[{"name":"wp","href":"https:\/\/api.w.org\/{rel}","templated":true}]}}