{"id":443,"date":"2024-11-18T12:34:48","date_gmt":"2024-11-18T11:34:48","guid":{"rendered":"https:\/\/lebenshilfe-stormarn.de\/HomepageII\/?page_id=443"},"modified":"2025-02-10T13:51:19","modified_gmt":"2025-02-10T12:51:19","slug":"paedagogische-einzelbetreuung","status":"publish","type":"page","link":"https:\/\/lebenshilfe-stormarn.de\/HomepageII\/ambulanter-dienst\/paedagogische-einzelbetreuung\/","title":{"rendered":"P\u00e4dagogische Einzelbetreuung"},"content":{"rendered":"<div class=\"fusion-fullwidth fullwidth-box fusion-builder-row-1 fusion-flex-container has-pattern-background has-mask-background nonhundred-percent-fullwidth non-hundred-percent-height-scrolling\" style=\"--awb-border-radius-top-left:0px;--awb-border-radius-top-right:0px;--awb-border-radius-bottom-right:0px;--awb-border-radius-bottom-left:0px;--awb-flex-wrap:wrap;\" ><div class=\"fusion-builder-row fusion-row fusion-flex-align-items-flex-start fusion-flex-content-wrap\" style=\"max-width:1248px;margin-left: calc(-4% \/ 2 );margin-right: calc(-4% \/ 2 );\"><div class=\"fusion-layout-column fusion_builder_column fusion-builder-column-0 fusion_builder_column_1_1 1_1 fusion-flex-column\" style=\"--awb-bg-size:cover;--awb-width-large:100%;--awb-margin-top-large:0px;--awb-spacing-right-large:1.92%;--awb-margin-bottom-large:20px;--awb-spacing-left-large:1.92%;--awb-width-medium:100%;--awb-order-medium:0;--awb-spacing-right-medium:1.92%;--awb-spacing-left-medium:1.92%;--awb-width-small:100%;--awb-order-small:0;--awb-spacing-right-small:1.92%;--awb-spacing-left-small:1.92%;\"><div class=\"fusion-column-wrapper fusion-column-has-shadow fusion-flex-justify-content-flex-start fusion-content-layout-column\"><div class=\"fusion-reading-box-container reading-box-container-1\" style=\"--awb-title-color:var(--awb-color8);--awb-margin-top:0px;--awb-margin-bottom:20px;\"><div class=\"reading-box\" style=\"background-color:var(--awb-color2);border-width:1px;border-color:rgba(226,226,226,0);border-left-width:3px;border-left-color:var(--primary_color);border-style:solid;\"><h2>Ihre Ansprechpartner:<\/h2><div class=\"reading-box-additional fusion-reading-box-additional\">\n<p>Alexander Zonker<br \/>\nJessica Lorenz<\/p>\n<p>Tel. 04102 89 75 52\/53<\/p>\n<p><a href=\"mailto:fed@lebenshilfe-stormarn.de\">fed@lebenshilfe-stormarn.de<\/a><\/p>\n<\/div><div class=\"fusion-clearfix\"><\/div><\/div><\/div><div class=\"fusion-text fusion-text-1\"><p>Bei der p\u00e4dagogischen Einzelbetreuung handelt es sich um eine zus\u00e4tzliche F\u00f6rderung f\u00fcr Kinder und Jugendliche mit Behinderungen sowie f\u00fcr erwachsene Menschen mit Behinderungen, die bei ihren Eltern (also nicht in einer station\u00e4ren Einrichtung) leben.<\/p>\n<h2 class=\"wp-block-heading fusion-responsive-typography-calculated\" data-fontsize=\"21\" data-lineheight=\"31.5px\">Inhalte<\/h2>\n<ul class=\"wp-block-list\">\n<li>Individuelle F\u00f6rderung in den Bereichen Motorik, Wahrnehmung, Kommunikation, Verkehrssicherheit etc.<\/li>\n<li>Vorbereitung auf den Besuch der WfB oder Tagesf\u00f6rderst\u00e4tte<\/li>\n<li>Hilfen bei der Tagesstrukturierung<\/li>\n<li>Begleitung bei Freizeitaktivit\u00e4ten<\/li>\n<li>Kennenlernen kultureller Angebote<\/li>\n<li>Entdecken, Entwickeln, Aktivieren von Interessen<\/li>\n<li>F\u00f6rderung der Selbstst\u00e4ndigkeit und des Selbstbewusstseins<\/li>\n<li>Erh\u00f6hung der Mobilit\u00e4t und Belastbarkeit<\/li>\n<li>Teilhabe am Leben in der Gemeinschaft<\/li>\n<li>u.a.<\/li>\n<\/ul>\n<\/div><\/div><\/div><\/div><\/div>\n","protected":false},"excerpt":{"rendered":"","protected":false},"author":1,"featured_media":0,"parent":437,"menu_order":0,"comment_status":"closed","ping_status":"closed","template":"100-width.php","meta":{"footnotes":""},"class_list":["post-443","page","type-page","status-publish","hentry"],"_links":{"self":[{"href":"https:\/\/lebenshilfe-stormarn.de\/HomepageII\/wp-json\/wp\/v2\/pages\/443","targetHints":{"allow":["GET"]}}],"collection":[{"href":"https:\/\/lebenshilfe-stormarn.de\/HomepageII\/wp-json\/wp\/v2\/pages"}],"about":[{"href":"https:\/\/lebenshilfe-stormarn.de\/HomepageII\/wp-json\/wp\/v2\/types\/page"}],"author":[{"embeddable":true,"href":"https:\/\/lebenshilfe-stormarn.de\/HomepageII\/wp-json\/wp\/v2\/users\/1"}],"replies":[{"embeddable":true,"href":"https:\/\/lebenshilfe-stormarn.de\/HomepageII\/wp-json\/wp\/v2\/comments?post=443"}],"version-history":[{"count":5,"href":"https:\/\/lebenshilfe-stormarn.de\/HomepageII\/wp-json\/wp\/v2\/pages\/443\/revisions"}],"predecessor-version":[{"id":825,"href":"https:\/\/lebenshilfe-stormarn.de\/HomepageII\/wp-json\/wp\/v2\/pages\/443\/revisions\/825"}],"up":[{"embeddable":true,"href":"https:\/\/lebenshilfe-stormarn.de\/HomepageII\/wp-json\/wp\/v2\/pages\/437"}],"wp:attachment":[{"href":"https:\/\/lebenshilfe-stormarn.de\/HomepageII\/wp-json\/wp\/v2\/media?parent=443"}],"curies":[{"name":"wp","href":"https:\/\/api.w.org\/{rel}","templated":true}]}}