{"id":447,"date":"2024-11-18T12:36:06","date_gmt":"2024-11-18T11:36:06","guid":{"rendered":"https:\/\/lebenshilfe-stormarn.de\/HomepageII\/?page_id=447"},"modified":"2025-02-10T13:52:32","modified_gmt":"2025-02-10T12:52:32","slug":"sozialpaedagogische-familienhilfe-spfh","status":"publish","type":"page","link":"https:\/\/lebenshilfe-stormarn.de\/HomepageII\/ambulanter-dienst\/sozialpaedagogische-familienhilfe-spfh\/","title":{"rendered":"Sozialp\u00e4dagogische Familienhilfe (SPFH)"},"content":{"rendered":"<div class=\"fusion-fullwidth fullwidth-box fusion-builder-row-1 fusion-flex-container has-pattern-background has-mask-background nonhundred-percent-fullwidth non-hundred-percent-height-scrolling\" style=\"--awb-border-radius-top-left:0px;--awb-border-radius-top-right:0px;--awb-border-radius-bottom-right:0px;--awb-border-radius-bottom-left:0px;--awb-flex-wrap:wrap;\" ><div class=\"fusion-builder-row fusion-row fusion-flex-align-items-flex-start fusion-flex-content-wrap\" style=\"max-width:1248px;margin-left: calc(-4% \/ 2 );margin-right: calc(-4% \/ 2 );\"><div class=\"fusion-layout-column fusion_builder_column fusion-builder-column-0 fusion_builder_column_1_1 1_1 fusion-flex-column\" style=\"--awb-bg-size:cover;--awb-width-large:100%;--awb-margin-top-large:0px;--awb-spacing-right-large:1.92%;--awb-margin-bottom-large:20px;--awb-spacing-left-large:1.92%;--awb-width-medium:100%;--awb-order-medium:0;--awb-spacing-right-medium:1.92%;--awb-spacing-left-medium:1.92%;--awb-width-small:100%;--awb-order-small:0;--awb-spacing-right-small:1.92%;--awb-spacing-left-small:1.92%;\"><div class=\"fusion-column-wrapper fusion-column-has-shadow fusion-flex-justify-content-flex-start fusion-content-layout-column\"><div class=\"fusion-reading-box-container reading-box-container-1\" style=\"--awb-title-color:var(--awb-color8);--awb-margin-top:0px;--awb-margin-bottom:20px;\"><div class=\"reading-box\" style=\"background-color:var(--awb-color2);border-width:1px;border-color:rgba(226,226,226,0);border-left-width:3px;border-left-color:var(--primary_color);border-style:solid;\"><h2>Ihre Ansprechpartnerin:<\/h2><div class=\"reading-box-additional fusion-reading-box-additional\">\n<p>Jessica Lorenz<\/p>\n<p>Tel. 04102 89 75 53<\/p>\n<p><a href=\"mailto:fed@lebenshilfe-stormarn.de\">fed@lebenshilfe-stormarn.de<\/a><\/p>\n<\/div><div class=\"fusion-clearfix\"><\/div><\/div><\/div><div class=\"fusion-text fusion-text-1\"><h2 class=\"wp-block-heading fusion-responsive-typography-calculated\" data-fontsize=\"21\" data-lineheight=\"31.5px\">Familie<\/h2>\n<p>Eine Familie mit Kind(ern) zu gr\u00fcnden, ist der Wunsch vieler Menschen. Nicht alle M\u00fctter und V\u00e4ter sind aber in der Lage, die Pflege und Erziehung des Kindes im erforderlichen und angemessenen Umfang zu leisten. Eltern mit und ohne Behinderungen sind diversen famili\u00e4ren und sozialen Belastungsfaktoren ausgesetzt. Eltern mit Behinderungen k\u00f6nnen bei der Erf\u00fcllung der Pflege- und Erziehungsaufgaben jedoch zus\u00e4tzlich beeintr\u00e4chtigt und auf personelle Hilfen angewiesen sein. Je nach Art und Schwere der Behinderungen, mit denen die Eltern leben, k\u00f6nnen unterschiedliche Unterst\u00fctzungsbedarfe vorliegen.<\/p>\n<h2 class=\"wp-block-heading fusion-responsive-typography-calculated\" data-fontsize=\"21\" data-lineheight=\"31.5px\">Ziele der SPFH<\/h2>\n<p>\u00dcbergeordnetes Ziel der SPFH ist es, Eltern mit geistiger Behinderung ein Familienleben zu erm\u00f6glichen, das das Wohl des Kindes sicherstellt. Die ambulante Betreuung bedeutet f\u00fcr die Eltern ein Leben mit Kindern verbunden mit der Inanspruchnahme einer externen Betreuung.<\/p>\n<p>Die Eltern werden bei der Pflege und Erziehung ihrer Kinder, bei der Entwicklung einer eigenst\u00e4ndigen und eigenverantwortlichen Elternrolle und bei der Bew\u00e4ltigung von Alltagsproblemen sowie der L\u00f6sung von Konflikten und Krisen begleitet und unterst\u00fctzt. Die Familien sollen langfristig so weit unterst\u00fctzt werden, dass die Hilfe allm\u00e4hlich reduziert werden kann und die Familien zunehmend allein zurechtkommen. Grundsatz ist die Hilfe zur Selbsthilfe.<\/p>\n<p>Die SPFH enth\u00e4lt verschiedene Leistungen zur Unterst\u00fctzung von Eltern mit Behinderung bei der Betreuung und Versorgung ihrer Kinder. Hilfe, Beratung und Begleitung werden geleistet, wenn sie gebraucht werden.<\/p>\n<h2 class=\"wp-block-heading fusion-responsive-typography-calculated\" data-fontsize=\"21\" data-lineheight=\"31.5px\">Personenkreis<\/h2>\n<p>Eltern, die wegen ihrer Behinderung eine dem Wohl ihres Kindes entsprechende Erziehung nicht gew\u00e4hrleisten k\u00f6nnen, haben nach dem SGB VIII einen Anspruch auf Hilfe zur Erziehung, wenn diese Hilfe f\u00fcr die Entwicklung des Kindes geeignet und notwendig ist.<\/p>\n<h2 class=\"wp-block-heading fusion-responsive-typography-calculated\" data-fontsize=\"21\" data-lineheight=\"31.5px\">Inhalte (Beispiele)<\/h2>\n<ul class=\"wp-block-list\">\n<li>Alltagsbegleitung in der H\u00e4uslichkeit der Familie<\/li>\n<li>Anleitung und Begleitung bei der Haushaltsf\u00fchrung (Erstellen eines Haushaltsplanes, Planung und Durchf\u00fchrung des Einkaufs, Planung und Durchf\u00fchrung der Essenszubereitung, Reinigen der Wohnung, kindgerechte Gestaltung der Wohnung)<\/li>\n<li>Unterst\u00fctzung bei der Koordinierung der allt\u00e4glichen Anforderungen und der Organisation des Tages- und Wochenablaufs (Aufstellen von Tagespl\u00e4nen, Hilfe zur F\u00fchrung eines Terminplaners, Ein\u00fcben von Wegen zum Kindergarten, zu \u00c4rzten etc.)<\/li>\n<li>Unterst\u00fctzung bei Freizeitaktivit\u00e4ten<\/li>\n<li>F\u00f6rderung der Erziehungskompetenzen der Eltern, St\u00e4rkung des Zutrauens der Eltern in ihre eigenen F\u00e4higkeiten<\/li>\n<li>Anleitung und Begleitung eines angemessenen Umgangs mit den Kindern (Ein\u00fcben von Spielverhalten, respektvoller Umgang miteinander, konsequentes Handeln, Zur\u00fcckstellen eigener Bed\u00fcrfnisse vor denen der Kinder, liebevoller Umgang)<\/li>\n<li>Erlernen und Einhalten von Ritualen (z. B. Abendrituale rund ums Abendessen und Zu-Bett-Bringen, Begr\u00fc\u00dfungsrituale)<\/li>\n<li>Bewusstsein schaffen f\u00fcr eine kindgerechte Ern\u00e4hrung und Hilfestellung bei der Umsetzung<\/li>\n<li>Unterst\u00fctzung im Kontakt mit \u00c4mtern und Institutionen, Hilfestellung bei Beh\u00f6rdenangelegenheiten und Arztbesuchen<\/li>\n<li>Unterst\u00fctzung bei der Bew\u00e4ltigung von Alltagsproblemen, bei der L\u00f6sung von Konflikten und Krisen im sozialen Umfeld (z.B. mit Freunden, Nachbarn etc.)<\/li>\n<li>Begleitung zu Elterngespr\u00e4chen in Kindergarten oder Schule<\/li>\n<\/ul>\n<\/div><\/div><\/div><\/div><\/div>\n","protected":false},"excerpt":{"rendered":"","protected":false},"author":1,"featured_media":0,"parent":437,"menu_order":0,"comment_status":"closed","ping_status":"closed","template":"100-width.php","meta":{"footnotes":""},"class_list":["post-447","page","type-page","status-publish","hentry"],"_links":{"self":[{"href":"https:\/\/lebenshilfe-stormarn.de\/HomepageII\/wp-json\/wp\/v2\/pages\/447","targetHints":{"allow":["GET"]}}],"collection":[{"href":"https:\/\/lebenshilfe-stormarn.de\/HomepageII\/wp-json\/wp\/v2\/pages"}],"about":[{"href":"https:\/\/lebenshilfe-stormarn.de\/HomepageII\/wp-json\/wp\/v2\/types\/page"}],"author":[{"embeddable":true,"href":"https:\/\/lebenshilfe-stormarn.de\/HomepageII\/wp-json\/wp\/v2\/users\/1"}],"replies":[{"embeddable":true,"href":"https:\/\/lebenshilfe-stormarn.de\/HomepageII\/wp-json\/wp\/v2\/comments?post=447"}],"version-history":[{"count":5,"href":"https:\/\/lebenshilfe-stormarn.de\/HomepageII\/wp-json\/wp\/v2\/pages\/447\/revisions"}],"predecessor-version":[{"id":827,"href":"https:\/\/lebenshilfe-stormarn.de\/HomepageII\/wp-json\/wp\/v2\/pages\/447\/revisions\/827"}],"up":[{"embeddable":true,"href":"https:\/\/lebenshilfe-stormarn.de\/HomepageII\/wp-json\/wp\/v2\/pages\/437"}],"wp:attachment":[{"href":"https:\/\/lebenshilfe-stormarn.de\/HomepageII\/wp-json\/wp\/v2\/media?parent=447"}],"curies":[{"name":"wp","href":"https:\/\/api.w.org\/{rel}","templated":true}]}}