{"id":500,"date":"2024-11-20T13:47:20","date_gmt":"2024-11-20T12:47:20","guid":{"rendered":"https:\/\/lebenshilfe-stormarn.de\/HomepageII\/?page_id=500"},"modified":"2025-08-19T13:27:04","modified_gmt":"2025-08-19T11:27:04","slug":"wohngruppe-heideweg","status":"publish","type":"page","link":"https:\/\/lebenshilfe-stormarn.de\/HomepageII\/wohnen\/fuer-erwachsene\/wohngruppe-heideweg\/","title":{"rendered":"Wohngruppe Heideweg"},"content":{"rendered":"<div class=\"fusion-fullwidth fullwidth-box fusion-builder-row-1 fusion-flex-container has-pattern-background has-mask-background nonhundred-percent-fullwidth non-hundred-percent-height-scrolling\" style=\"--awb-border-radius-top-left:0px;--awb-border-radius-top-right:0px;--awb-border-radius-bottom-right:0px;--awb-border-radius-bottom-left:0px;--awb-flex-wrap:wrap;\" ><div class=\"fusion-builder-row fusion-row fusion-flex-align-items-flex-start fusion-flex-content-wrap\" style=\"max-width:1248px;margin-left: calc(-4% \/ 2 );margin-right: calc(-4% \/ 2 );\"><div class=\"fusion-layout-column fusion_builder_column fusion-builder-column-0 fusion_builder_column_1_1 1_1 fusion-flex-column\" style=\"--awb-bg-size:cover;--awb-width-large:100%;--awb-margin-top-large:0px;--awb-spacing-right-large:1.92%;--awb-margin-bottom-large:20px;--awb-spacing-left-large:1.92%;--awb-width-medium:100%;--awb-order-medium:0;--awb-spacing-right-medium:1.92%;--awb-spacing-left-medium:1.92%;--awb-width-small:100%;--awb-order-small:0;--awb-spacing-right-small:1.92%;--awb-spacing-left-small:1.92%;\"><div class=\"fusion-column-wrapper fusion-column-has-shadow fusion-flex-justify-content-flex-start fusion-content-layout-column\"><div class=\"fusion-text fusion-text-1\"><h2 class=\"wp-block-heading fusion-responsive-typography-calculated\" data-fontsize=\"21\" data-lineheight=\"31.5px\">\u00dcber uns<\/h2>\n<p>Die Wohngruppe Heideweg befindet sich in einem freistehenden Wohnhaus mit gro\u00dfem Grundst\u00fcck in Hanglage, das an ein Naturschutzgebiet grenzt. Die Wohngruppe wurde Anfang 2015 er\u00f6ffnet.<\/p>\n<h3 class=\"wp-block-heading fusion-responsive-typography-calculated\" data-fontsize=\"19\" data-lineheight=\"28.5px\">Wer wohnt hier?<\/h3>\n<ul class=\"wp-block-list\">\n<li>Erwachsene Frauen und M\u00e4nner mit vorrangig einer geistigen Behinderung.<\/li>\n<li>Die Bewohner sind in allen Altersstufen vertreten, wobei die Mehrheit zwischen 20-30 Jahre alt ist.<\/li>\n<li>Alle Bewohner\/innen besuchen eine Werkstatt f\u00fcr Menschen mit Behinderungen, eine Tagesf\u00f6rderst\u00e4tte oder verf\u00fcgen \u00fcber einen Dauerarbeitsplatz au\u00dferhalb einer Werkstatt.<\/li>\n<\/ul>\n<h3 class=\"wp-block-heading fusion-responsive-typography-calculated\" data-fontsize=\"19\" data-lineheight=\"28.5px\">Unser Team besteht aus<\/h3>\n<ul class=\"wp-block-list\">\n<li>Heilerziehungspfleger\/Innen<\/li>\n<li>Erzieher\/Innen<\/li>\n<\/ul>\n<h2 class=\"wp-block-heading fusion-responsive-typography-calculated\" data-fontsize=\"21\" data-lineheight=\"31.5px\">Die R\u00e4umlichkeiten<\/h2>\n<ul class=\"wp-block-list\">\n<li>Die Wohngruppe hat 10 Wohnpl\u00e4tze.<\/li>\n<li>Das Haus bietet jedem\/jeder Bewohner\/in ein Einzelzimmer, zu dem zum Teil ein Badezimmer mit WC, Dusche und Waschbecken geh\u00f6rt und zum Teil sich jeweils zwei Bewohner ein Badezimmer mit WC, Dusche und Waschbecken teilen.<\/li>\n<li>Die Zimmer k\u00f6nnen auf Wunsch der Bewohner\/innen auf eigene Kosten individuell eingerichtet und gestaltet werden.<\/li>\n<li>Die Wohngruppe hat eine K\u00fcche direkt neben dem Essbereich und einem gro\u00dfem Wohnzimmer.<\/li>\n<li>Dazu kommen Hauswirtschaftsr\u00e4ume, eine Terrasse und ein gro\u00dfer Garten.<\/li>\n<li>Ein Plattformlift f\u00fcr Au\u00dfen- und Innenbereich erm\u00f6glicht einen barrierefreien Zugang.<\/li>\n<li>F\u00fcr Rollstuhlfahrer aufgrund der Hanglage nicht geeignet.<\/li>\n<\/ul>\n<h2 class=\"wp-block-heading fusion-responsive-typography-calculated\" data-fontsize=\"21\" data-lineheight=\"31.5px\">Die Umgebung<\/h2>\n<ul class=\"wp-block-list\">\n<li>Es handelt sich um ein Einzelhaus innerhalb einer Wohnhausbebauung auf einem gro\u00dfen Grundst\u00fcck in Hanglage.<\/li>\n<li>Die Wohngruppe liegt in L\u00fctjensee.<\/li>\n<li>Der Ortskern ist zu Fu\u00df in wenigen Minuten erreichbar; eine Bushaltestelle mit Verbindungen nach Trittau, Ahrensburg und Hamburg liegt in unmittelbarer N\u00e4he.<\/li>\n<li>Die Werkstatt f\u00fcr Menschen mit Behinderung in Ahrensburg ist mit dem Werkstattbus erreichbar.<\/li>\n<li>F\u00fcr Eink\u00e4ufe, Arztbesuche und Freizeitfahrten steht ein Kleinbus zur Verf\u00fcgung.<\/li>\n<\/ul>\n<p><a href=\"https:\/\/lebenshilfe-stormarn.de\/HomepageII\/wp-content\/uploads\/2025\/08\/Internet-Heideweg.pdf\">Informationen<\/a><\/p>\n<\/div><\/div><\/div><\/div><\/div>\n","protected":false},"excerpt":{"rendered":"","protected":false},"author":1,"featured_media":0,"parent":400,"menu_order":0,"comment_status":"closed","ping_status":"closed","template":"100-width.php","meta":{"footnotes":""},"class_list":["post-500","page","type-page","status-publish","hentry"],"_links":{"self":[{"href":"https:\/\/lebenshilfe-stormarn.de\/HomepageII\/wp-json\/wp\/v2\/pages\/500","targetHints":{"allow":["GET"]}}],"collection":[{"href":"https:\/\/lebenshilfe-stormarn.de\/HomepageII\/wp-json\/wp\/v2\/pages"}],"about":[{"href":"https:\/\/lebenshilfe-stormarn.de\/HomepageII\/wp-json\/wp\/v2\/types\/page"}],"author":[{"embeddable":true,"href":"https:\/\/lebenshilfe-stormarn.de\/HomepageII\/wp-json\/wp\/v2\/users\/1"}],"replies":[{"embeddable":true,"href":"https:\/\/lebenshilfe-stormarn.de\/HomepageII\/wp-json\/wp\/v2\/comments?post=500"}],"version-history":[{"count":6,"href":"https:\/\/lebenshilfe-stormarn.de\/HomepageII\/wp-json\/wp\/v2\/pages\/500\/revisions"}],"predecessor-version":[{"id":1188,"href":"https:\/\/lebenshilfe-stormarn.de\/HomepageII\/wp-json\/wp\/v2\/pages\/500\/revisions\/1188"}],"up":[{"embeddable":true,"href":"https:\/\/lebenshilfe-stormarn.de\/HomepageII\/wp-json\/wp\/v2\/pages\/400"}],"wp:attachment":[{"href":"https:\/\/lebenshilfe-stormarn.de\/HomepageII\/wp-json\/wp\/v2\/media?parent=500"}],"curies":[{"name":"wp","href":"https:\/\/api.w.org\/{rel}","templated":true}]}}